{"id":4408,"date":"2016-10-19T15:45:03","date_gmt":"2016-10-19T15:45:03","guid":{"rendered":"http:\/\/margill.com\/fr\/message-final-en\/"},"modified":"2025-12-10T09:49:50","modified_gmt":"2025-12-10T14:49:50","slug":"message-final","status":"publish","type":"page","link":"https:\/\/margill.com\/fr\/message-final\/","title":{"rendered":"Confirmation de renouvellement de Licence"},"content":{"rendered":"\n<meta http-equiv=\"Content-Type\" content=\"text\/html; charset=utf8\">\n<div id=\"divMessage\" style=\"text-align:center;font-size:large;border:solid #fff;height:175px;\"><\/div>\n<script>\ndebugger;\nvar url_string = window.location.href;\nvar url = new URL(url_string);\nvar resultat = url.searchParams.get(\"result\");\nswitch(resultat) {\n  case \"success\":\n    message = \"<i class='fa fa-check-circle text-success'><\/i> La transaction a \u00e9t\u00e9 accept\u00e9e.<br><br>Votre licence a \u00e9t\u00e9 renouvel\u00e9e pour un an.<br><br>Merci<br><br><a href='https:\/\/www.margill.com\/fr\/centre-de-telechargement\/'>Centre de t\u00e9l\u00e9chargement<\/a>\";\n    break;\n  case \"error\":\n    message = \"<i class='fa fa-close text-danger'><\/i> Un probl\u00e8me est survenu durant la session et nous n'avons pas pu mettre votre compte \u00e0 jour.<br>Un message automatique a \u00e9t\u00e9 envoy\u00e9 \u00e0 notre personnel de support afin d'autoriser votre compte.<br><br>Nous vous contacterons d\u00e8s que la mise \u00e0 jour sera effective et nous sommes d\u00e9sol\u00e9s pour le d\u00e9lai.<br><br>Merci.\";\n    break;\n default:\n    message = \"<i class='fa fa-close text-danger'><\/i> Un probl\u00e8me est survenu durant la session et nous n'avons pas pu mettre votre compte \u00e0 jour.<br>Un message automatique a \u00e9t\u00e9 envoy\u00e9 \u00e0 notre personnel de support afin d'autoriser votre compte.<br><br>Nous vous contacterons d\u00e8s que la mise \u00e0 jour sera effective et nous sommes d\u00e9sol\u00e9s pour le d\u00e9lai.<br><br>Merci.\";\n}\ndocument.getElementById(\"divMessage\").innerHTML = message ;\n<\/script>\n\n\n\n<p><span style=\"font-size: 15.1742px;\">For questions please contact :<\/span><\/p>\n<h1>Jurismedia inc.<\/h1>\n<table border=\"0\" width=\"53%\" cellpadding=\"5\" align=\"center\">\n<tbody>\n<tr>\n<td width=\"153\">\n<div align=\"right\">Telephone:<\/div>\n<\/td>\n<td width=\"229\">(001) 450-621-8283<\/td>\n<\/tr>\n<tr>\n<td width=\"153\">\n<div align=\"right\">Toll free:<\/div>\n<\/td>\n<td width=\"229\">1-877-683-1815<span style=\"font-size: xx-small;\">\u00a0(North America)<\/span><\/td>\n<\/tr>\n<tr>\n<td width=\"153\" height=\"21\">\n<div align=\"right\">Fax:<\/div>\n<\/td>\n<td width=\"229\" height=\"21\">(001) 450-621-4452<\/td>\n<\/tr>\n<tr>\n<td width=\"153\">\n<div align=\"right\">Sales:<\/div>\n<\/td>\n<td width=\"229\"><a href=\"mailto:sales@margill.com\">sales@margill.com<\/a><\/td>\n<\/tr>\n<tr>\n<td width=\"153\">\n<div align=\"right\">Support:<\/div>\n<\/td>\n<td width=\"229\"><a href=\"mailto:support@margill.com\">support@margill.com<\/a><\/td>\n<\/tr>\n<tr>\n<td width=\"153\" height=\"56\">\n<div align=\"right\">Web:<\/div>\n<\/td>\n<td width=\"229\" height=\"56\"><a href=\"https:\/\/margill.com\/\"><span class=\"\">margill.com<\/span><\/a><br \/><a href=\"http:\/\/www.jurismedia.com\/\"><span class=\"\">www.jurismedia.com<\/span><\/a><\/td>\n<\/tr>\n<\/tbody>\n<\/table>\n<table border=\"0\" width=\"100%\">\n<tbody>\n<tr>\n<th scope=\"row\" width=\"39%\">\u00a0<\/th>\n<td width=\"61%\"><b>Office hours:<\/b><\/p>\n<p><span class=\"\">Monday to Friday 9:00 AM to 5:00 PM<br \/>North America Eastern Time<\/span><\/p>\n<p>For the Montreal* time, add to your local time :<\/p>\n<p>Western Europe : minus 6 hours<br \/>London : minus 5 hours<br \/>West Coast (Canada, USA) : plus 3 hours<br \/>Australia (Sydney) : minus 15 hours<br \/>Hong Kong : minus 13 hours<\/p>\n<p>* Subject to a one (1) hour variation according to Daylight Savings or Standard Time<\/p>\n<\/td>\n<\/tr>\n<\/tbody>\n<\/table>\n<p>&nbsp;<\/p>","protected":false},"excerpt":{"rendered":"<p>For questions please contact : Jurismedia inc. Telephone: (001) 450-621-8283 Toll free: 1-877-683-1815\u00a0(North America) Fax: (001) 450-621-4452 Sales: sales@margill.com Support: support@margill.com Web: margill.comwww.jurismedia.com \u00a0 Office hours: Monday to Friday 9:00 AM to 5:00 PMNorth America Eastern Time For the Montreal* time, add to your local time : Western Europe : minus 6 hoursLondon : minus [&hellip;]<\/p>\n","protected":false},"author":17,"featured_media":0,"parent":0,"menu_order":0,"comment_status":"closed","ping_status":"closed","template":"","meta":{"_crdt_document":"","footnotes":""},"class_list":["post-4408","page","type-page","status-publish","hentry"],"yoast_head":"<!-- This site is optimized with the Yoast SEO plugin v27.2 - https:\/\/yoast.com\/product\/yoast-seo-wordpress\/ -->\r\n<title>Margill | Confirmation de renouvellement<\/title>\r\n<meta name=\"description\" content=\"Confirmation de renouvellement de votre licence Margill\" \/>\r\n<meta name=\"robots\" content=\"index, follow, max-snippet:-1, max-image-preview:large, max-video-preview:-1\" \/>\r\n<link rel=\"canonical\" href=\"https:\/\/margill.com\/fr\/message-final\/\" \/>\r\n<meta property=\"og:locale\" content=\"fr_FR\" \/>\r\n<meta property=\"og:type\" content=\"article\" \/>\r\n<meta property=\"og:title\" content=\"Margill | Confirmation de renouvellement\" \/>\r\n<meta property=\"og:description\" content=\"Confirmation de renouvellement de votre licence Margill\" \/>\r\n<meta property=\"og:url\" content=\"https:\/\/margill.com\/fr\/message-final\/\" \/>\r\n<meta property=\"og:site_name\" content=\"Margill\" \/>\r\n<meta property=\"article:modified_time\" content=\"2025-12-10T14:49:50+00:00\" \/>\r\n<meta name=\"twitter:card\" content=\"summary_large_image\" \/>\r\n<meta name=\"twitter:label1\" content=\"Dur\u00e9e de lecture estim\u00e9e\" \/>\n\t<meta name=\"twitter:data1\" content=\"1 minute\" \/>\r\n<script type=\"application\/ld+json\" class=\"yoast-schema-graph\">{\"@context\":\"https:\/\/schema.org\",\"@graph\":[{\"@type\":\"WebPage\",\"@id\":\"https:\/\/margill.com\/fr\/message-final\/\",\"url\":\"https:\/\/margill.com\/fr\/message-final\/\",\"name\":\"Margill | Confirmation de renouvellement\",\"isPartOf\":{\"@id\":\"https:\/\/margill.com\/fr\/#website\"},\"datePublished\":\"2016-10-19T15:45:03+00:00\",\"dateModified\":\"2025-12-10T14:49:50+00:00\",\"description\":\"Confirmation de renouvellement de votre licence Margill\",\"breadcrumb\":{\"@id\":\"https:\/\/margill.com\/fr\/message-final\/#breadcrumb\"},\"inLanguage\":\"fr-FR\",\"potentialAction\":[{\"@type\":\"ReadAction\",\"target\":[\"https:\/\/margill.com\/fr\/message-final\/\"]}]},{\"@type\":\"BreadcrumbList\",\"@id\":\"https:\/\/margill.com\/fr\/message-final\/#breadcrumb\",\"itemListElement\":[{\"@type\":\"ListItem\",\"position\":1,\"name\":\"Home\",\"item\":\"https:\/\/margill.com\/fr\/\"},{\"@type\":\"ListItem\",\"position\":2,\"name\":\"Confirmation de renouvellement de Licence\"}]},{\"@type\":\"WebSite\",\"@id\":\"https:\/\/margill.com\/fr\/#website\",\"url\":\"https:\/\/margill.com\/fr\/\",\"name\":\"Margill\",\"description\":\"Loan Servicing Solutions \/ Interest Calculators\",\"potentialAction\":[{\"@type\":\"SearchAction\",\"target\":{\"@type\":\"EntryPoint\",\"urlTemplate\":\"https:\/\/margill.com\/fr\/?s={search_term_string}\"},\"query-input\":{\"@type\":\"PropertyValueSpecification\",\"valueRequired\":true,\"valueName\":\"search_term_string\"}}],\"inLanguage\":\"fr-FR\"}]}<\/script>\r\n<!-- \/ Yoast SEO plugin. -->","yoast_head_json":{"title":"Margill | Confirmation de renouvellement","description":"Confirmation de renouvellement de votre licence Margill","robots":{"index":"index","follow":"follow","max-snippet":"max-snippet:-1","max-image-preview":"max-image-preview:large","max-video-preview":"max-video-preview:-1"},"canonical":"https:\/\/margill.com\/fr\/message-final\/","og_locale":"fr_FR","og_type":"article","og_title":"Margill | Confirmation de renouvellement","og_description":"Confirmation de renouvellement de votre licence Margill","og_url":"https:\/\/margill.com\/fr\/message-final\/","og_site_name":"Margill","article_modified_time":"2025-12-10T14:49:50+00:00","twitter_card":"summary_large_image","twitter_misc":{"Dur\u00e9e de lecture estim\u00e9e":"1 minute"},"schema":{"@context":"https:\/\/schema.org","@graph":[{"@type":"WebPage","@id":"https:\/\/margill.com\/fr\/message-final\/","url":"https:\/\/margill.com\/fr\/message-final\/","name":"Margill | Confirmation de renouvellement","isPartOf":{"@id":"https:\/\/margill.com\/fr\/#website"},"datePublished":"2016-10-19T15:45:03+00:00","dateModified":"2025-12-10T14:49:50+00:00","description":"Confirmation de renouvellement de votre licence Margill","breadcrumb":{"@id":"https:\/\/margill.com\/fr\/message-final\/#breadcrumb"},"inLanguage":"fr-FR","potentialAction":[{"@type":"ReadAction","target":["https:\/\/margill.com\/fr\/message-final\/"]}]},{"@type":"BreadcrumbList","@id":"https:\/\/margill.com\/fr\/message-final\/#breadcrumb","itemListElement":[{"@type":"ListItem","position":1,"name":"Home","item":"https:\/\/margill.com\/fr\/"},{"@type":"ListItem","position":2,"name":"Confirmation de renouvellement de Licence"}]},{"@type":"WebSite","@id":"https:\/\/margill.com\/fr\/#website","url":"https:\/\/margill.com\/fr\/","name":"Margill","description":"Loan Servicing Solutions \/ Interest Calculators","potentialAction":[{"@type":"SearchAction","target":{"@type":"EntryPoint","urlTemplate":"https:\/\/margill.com\/fr\/?s={search_term_string}"},"query-input":{"@type":"PropertyValueSpecification","valueRequired":true,"valueName":"search_term_string"}}],"inLanguage":"fr-FR"}]}},"_links":{"self":[{"href":"https:\/\/margill.com\/fr\/wp-json\/wp\/v2\/pages\/4408","targetHints":{"allow":["GET"]}}],"collection":[{"href":"https:\/\/margill.com\/fr\/wp-json\/wp\/v2\/pages"}],"about":[{"href":"https:\/\/margill.com\/fr\/wp-json\/wp\/v2\/types\/page"}],"author":[{"embeddable":true,"href":"https:\/\/margill.com\/fr\/wp-json\/wp\/v2\/users\/17"}],"replies":[{"embeddable":true,"href":"https:\/\/margill.com\/fr\/wp-json\/wp\/v2\/comments?post=4408"}],"version-history":[{"count":25,"href":"https:\/\/margill.com\/fr\/wp-json\/wp\/v2\/pages\/4408\/revisions"}],"predecessor-version":[{"id":21526,"href":"https:\/\/margill.com\/fr\/wp-json\/wp\/v2\/pages\/4408\/revisions\/21526"}],"wp:attachment":[{"href":"https:\/\/margill.com\/fr\/wp-json\/wp\/v2\/media?parent=4408"}],"curies":[{"name":"wp","href":"https:\/\/api.w.org\/{rel}","templated":true}]}}