{"id":4352,"date":"2016-10-13T14:28:12","date_gmt":"2016-10-13T14:28:12","guid":{"rendered":"http:\/\/margill.com\/fr\/getmlm\/"},"modified":"2025-10-21T15:05:43","modified_gmt":"2025-10-21T19:05:43","slug":"getmlm","status":"publish","type":"page","link":"https:\/\/margill.com\/fr\/getmlm\/","title":{"rendered":"Gestionnaire de Pr\u00eats Margill\u00a0&#8211; T\u00e9l\u00e9chargement de la version compl\u00e8te"},"content":{"rendered":"\n<div class=\"wp-block-group alignwide is-style-rounded-corners-small has-grey-1-background-color has-background has-global-padding is-layout-constrained wp-container-core-group-is-layout-a1b721b7 wp-block-group-is-layout-constrained\" style=\"padding-top:var(--wp--preset--spacing--40);padding-right:1rem;padding-bottom:var(--wp--preset--spacing--40);padding-left:1rem\">\n<div class=\"wp-block-group has-white-background-color has-background is-layout-flow wp-block-group-is-layout-flow\" style=\"padding-top:1.5em;padding-right:1.5em;padding-bottom:1.5em;padding-left:1.5em\">\n<script>\n  function resizeIframe(obj) {\n    obj.style.height = obj.contentWindow.document.body.scrollHeight + 'px';<br \/>\n  }\n<\/script>\n<iframe loading=\"lazy\" src=\"https:\/\/margill.com\/get\/getMLM-for-wordpress-fr.asp\" width=\"100%\" height=\"2300px\" scrolling=\"no\"><\/iframe>\n<\/div>\n<\/div>\n\n","protected":false},"excerpt":{"rendered":"","protected":false},"author":17,"featured_media":0,"parent":0,"menu_order":0,"comment_status":"closed","ping_status":"closed","template":"no-title","meta":{"_crdt_document":"","footnotes":""},"class_list":["post-4352","page","type-page","status-publish","hentry"],"yoast_head":"<!-- This site is optimized with the Yoast SEO plugin v27.2 - https:\/\/yoast.com\/product\/yoast-seo-wordpress\/ -->\r\n<title>Margill | Page de t\u00e9l\u00e9chargement GPM<\/title>\r\n<meta name=\"description\" content=\"Page pour t\u00e9l\u00e9charger le Gestionnaire de Pr\u00eats Margill\" \/>\r\n<meta name=\"robots\" content=\"index, follow, max-snippet:-1, max-image-preview:large, max-video-preview:-1\" \/>\r\n<link rel=\"canonical\" href=\"https:\/\/margill.com\/fr\/getmlm\/\" \/>\r\n<meta property=\"og:locale\" content=\"fr_FR\" \/>\r\n<meta property=\"og:type\" content=\"article\" \/>\r\n<meta property=\"og:title\" content=\"Margill | Page de t\u00e9l\u00e9chargement GPM\" \/>\r\n<meta property=\"og:description\" content=\"Page pour t\u00e9l\u00e9charger le Gestionnaire de Pr\u00eats Margill\" \/>\r\n<meta property=\"og:url\" content=\"https:\/\/margill.com\/fr\/getmlm\/\" \/>\r\n<meta property=\"og:site_name\" content=\"Margill\" \/>\r\n<meta property=\"article:modified_time\" content=\"2025-10-21T19:05:43+00:00\" \/>\r\n<meta name=\"twitter:card\" content=\"summary_large_image\" \/>\r\n<script type=\"application\/ld+json\" class=\"yoast-schema-graph\">{\"@context\":\"https:\/\/schema.org\",\"@graph\":[{\"@type\":\"WebPage\",\"@id\":\"https:\/\/margill.com\/fr\/getmlm\/\",\"url\":\"https:\/\/margill.com\/fr\/getmlm\/\",\"name\":\"Margill | Page de t\u00e9l\u00e9chargement GPM\",\"isPartOf\":{\"@id\":\"https:\/\/margill.com\/fr\/#website\"},\"datePublished\":\"2016-10-13T14:28:12+00:00\",\"dateModified\":\"2025-10-21T19:05:43+00:00\",\"description\":\"Page pour t\u00e9l\u00e9charger le Gestionnaire de Pr\u00eats Margill\",\"breadcrumb\":{\"@id\":\"https:\/\/margill.com\/fr\/getmlm\/#breadcrumb\"},\"inLanguage\":\"fr-FR\",\"potentialAction\":[{\"@type\":\"ReadAction\",\"target\":[\"https:\/\/margill.com\/fr\/getmlm\/\"]}]},{\"@type\":\"BreadcrumbList\",\"@id\":\"https:\/\/margill.com\/fr\/getmlm\/#breadcrumb\",\"itemListElement\":[{\"@type\":\"ListItem\",\"position\":1,\"name\":\"Home\",\"item\":\"https:\/\/margill.com\/fr\/\"},{\"@type\":\"ListItem\",\"position\":2,\"name\":\"Gestionnaire de Pr\u00eats Margill\u00a0&#8211; T\u00e9l\u00e9chargement de la version compl\u00e8te\"}]},{\"@type\":\"WebSite\",\"@id\":\"https:\/\/margill.com\/fr\/#website\",\"url\":\"https:\/\/margill.com\/fr\/\",\"name\":\"Margill\",\"description\":\"Loan Servicing Solutions \/ Interest Calculators\",\"potentialAction\":[{\"@type\":\"SearchAction\",\"target\":{\"@type\":\"EntryPoint\",\"urlTemplate\":\"https:\/\/margill.com\/fr\/?s={search_term_string}\"},\"query-input\":{\"@type\":\"PropertyValueSpecification\",\"valueRequired\":true,\"valueName\":\"search_term_string\"}}],\"inLanguage\":\"fr-FR\"}]}<\/script>\r\n<!-- \/ Yoast SEO plugin. -->","yoast_head_json":{"title":"Margill | Page de t\u00e9l\u00e9chargement GPM","description":"Page pour t\u00e9l\u00e9charger le Gestionnaire de Pr\u00eats Margill","robots":{"index":"index","follow":"follow","max-snippet":"max-snippet:-1","max-image-preview":"max-image-preview:large","max-video-preview":"max-video-preview:-1"},"canonical":"https:\/\/margill.com\/fr\/getmlm\/","og_locale":"fr_FR","og_type":"article","og_title":"Margill | Page de t\u00e9l\u00e9chargement GPM","og_description":"Page pour t\u00e9l\u00e9charger le Gestionnaire de Pr\u00eats Margill","og_url":"https:\/\/margill.com\/fr\/getmlm\/","og_site_name":"Margill","article_modified_time":"2025-10-21T19:05:43+00:00","twitter_card":"summary_large_image","schema":{"@context":"https:\/\/schema.org","@graph":[{"@type":"WebPage","@id":"https:\/\/margill.com\/fr\/getmlm\/","url":"https:\/\/margill.com\/fr\/getmlm\/","name":"Margill | Page de t\u00e9l\u00e9chargement GPM","isPartOf":{"@id":"https:\/\/margill.com\/fr\/#website"},"datePublished":"2016-10-13T14:28:12+00:00","dateModified":"2025-10-21T19:05:43+00:00","description":"Page pour t\u00e9l\u00e9charger le Gestionnaire de Pr\u00eats Margill","breadcrumb":{"@id":"https:\/\/margill.com\/fr\/getmlm\/#breadcrumb"},"inLanguage":"fr-FR","potentialAction":[{"@type":"ReadAction","target":["https:\/\/margill.com\/fr\/getmlm\/"]}]},{"@type":"BreadcrumbList","@id":"https:\/\/margill.com\/fr\/getmlm\/#breadcrumb","itemListElement":[{"@type":"ListItem","position":1,"name":"Home","item":"https:\/\/margill.com\/fr\/"},{"@type":"ListItem","position":2,"name":"Gestionnaire de Pr\u00eats Margill\u00a0&#8211; T\u00e9l\u00e9chargement de la version compl\u00e8te"}]},{"@type":"WebSite","@id":"https:\/\/margill.com\/fr\/#website","url":"https:\/\/margill.com\/fr\/","name":"Margill","description":"Loan Servicing Solutions \/ Interest Calculators","potentialAction":[{"@type":"SearchAction","target":{"@type":"EntryPoint","urlTemplate":"https:\/\/margill.com\/fr\/?s={search_term_string}"},"query-input":{"@type":"PropertyValueSpecification","valueRequired":true,"valueName":"search_term_string"}}],"inLanguage":"fr-FR"}]}},"_links":{"self":[{"href":"https:\/\/margill.com\/fr\/wp-json\/wp\/v2\/pages\/4352","targetHints":{"allow":["GET"]}}],"collection":[{"href":"https:\/\/margill.com\/fr\/wp-json\/wp\/v2\/pages"}],"about":[{"href":"https:\/\/margill.com\/fr\/wp-json\/wp\/v2\/types\/page"}],"author":[{"embeddable":true,"href":"https:\/\/margill.com\/fr\/wp-json\/wp\/v2\/users\/17"}],"replies":[{"embeddable":true,"href":"https:\/\/margill.com\/fr\/wp-json\/wp\/v2\/comments?post=4352"}],"version-history":[{"count":4,"href":"https:\/\/margill.com\/fr\/wp-json\/wp\/v2\/pages\/4352\/revisions"}],"predecessor-version":[{"id":20980,"href":"https:\/\/margill.com\/fr\/wp-json\/wp\/v2\/pages\/4352\/revisions\/20980"}],"wp:attachment":[{"href":"https:\/\/margill.com\/fr\/wp-json\/wp\/v2\/media?parent=4352"}],"curies":[{"name":"wp","href":"https:\/\/api.w.org\/{rel}","templated":true}]}}