{"id":4218,"date":"2016-08-25T22:24:32","date_gmt":"2016-08-25T22:24:32","guid":{"rendered":"http:\/\/margill.com\/fr\/margill-table-update-service\/"},"modified":"2025-12-12T11:26:27","modified_gmt":"2025-12-12T16:26:27","slug":"service-de-mise-a-jour-des-tables","status":"publish","type":"page","link":"https:\/\/margill.com\/fr\/service-de-mise-a-jour-des-tables\/","title":{"rendered":"Service de mise \u00e0 jour des tables"},"content":{"rendered":"<p><iframe loading=\"lazy\" src=\"https:\/\/margill.com\/tables\/get_tables-for-wordpress-fr.asp\" width=\"100%\" height=\"11000px\"><\/iframe><\/p>\n","protected":false},"excerpt":{"rendered":"","protected":false},"author":17,"featured_media":0,"parent":0,"menu_order":0,"comment_status":"closed","ping_status":"closed","template":"","meta":{"_crdt_document":"","footnotes":""},"class_list":["post-4218","page","type-page","status-publish","hentry"],"yoast_head":"<!-- This site is optimized with the Yoast SEO plugin v27.2 - https:\/\/yoast.com\/product\/yoast-seo-wordpress\/ -->\r\n<title>Margill | Page de mise \u00e0 jour Tables d&#039;int\u00e9r\u00eats<\/title>\r\n<meta name=\"description\" content=\"Page pour mise \u00e0 jour de nos tables d&#039;int\u00e9r\u00eats si vous \u00eates abonn\u00e9.\" \/>\r\n<meta name=\"robots\" content=\"index, follow, max-snippet:-1, max-image-preview:large, max-video-preview:-1\" \/>\r\n<link rel=\"canonical\" href=\"https:\/\/margill.com\/fr\/service-de-mise-a-jour-des-tables\/\" \/>\r\n<meta property=\"og:locale\" content=\"fr_FR\" \/>\r\n<meta property=\"og:type\" content=\"article\" \/>\r\n<meta property=\"og:title\" content=\"Margill | Page de mise \u00e0 jour Tables d&#039;int\u00e9r\u00eats\" \/>\r\n<meta property=\"og:description\" content=\"Page pour mise \u00e0 jour de nos tables d&#039;int\u00e9r\u00eats si vous \u00eates abonn\u00e9.\" \/>\r\n<meta property=\"og:url\" content=\"https:\/\/margill.com\/fr\/service-de-mise-a-jour-des-tables\/\" \/>\r\n<meta property=\"og:site_name\" content=\"Margill\" \/>\r\n<meta property=\"article:modified_time\" content=\"2025-12-12T16:26:27+00:00\" \/>\r\n<meta name=\"twitter:card\" content=\"summary_large_image\" \/>\r\n<script type=\"application\/ld+json\" class=\"yoast-schema-graph\">{\"@context\":\"https:\/\/schema.org\",\"@graph\":[{\"@type\":\"WebPage\",\"@id\":\"https:\/\/margill.com\/fr\/service-de-mise-a-jour-des-tables\/\",\"url\":\"https:\/\/margill.com\/fr\/service-de-mise-a-jour-des-tables\/\",\"name\":\"Margill | Page de mise \u00e0 jour Tables d'int\u00e9r\u00eats\",\"isPartOf\":{\"@id\":\"https:\/\/margill.com\/fr\/#website\"},\"datePublished\":\"2016-08-25T22:24:32+00:00\",\"dateModified\":\"2025-12-12T16:26:27+00:00\",\"description\":\"Page pour mise \u00e0 jour de nos tables d'int\u00e9r\u00eats si vous \u00eates abonn\u00e9.\",\"breadcrumb\":{\"@id\":\"https:\/\/margill.com\/fr\/service-de-mise-a-jour-des-tables\/#breadcrumb\"},\"inLanguage\":\"fr-FR\",\"potentialAction\":[{\"@type\":\"ReadAction\",\"target\":[\"https:\/\/margill.com\/fr\/service-de-mise-a-jour-des-tables\/\"]}]},{\"@type\":\"BreadcrumbList\",\"@id\":\"https:\/\/margill.com\/fr\/service-de-mise-a-jour-des-tables\/#breadcrumb\",\"itemListElement\":[{\"@type\":\"ListItem\",\"position\":1,\"name\":\"Home\",\"item\":\"https:\/\/margill.com\/fr\/\"},{\"@type\":\"ListItem\",\"position\":2,\"name\":\"Service de mise \u00e0 jour des tables\"}]},{\"@type\":\"WebSite\",\"@id\":\"https:\/\/margill.com\/fr\/#website\",\"url\":\"https:\/\/margill.com\/fr\/\",\"name\":\"Margill\",\"description\":\"Loan Servicing Solutions \/ Interest Calculators\",\"potentialAction\":[{\"@type\":\"SearchAction\",\"target\":{\"@type\":\"EntryPoint\",\"urlTemplate\":\"https:\/\/margill.com\/fr\/?s={search_term_string}\"},\"query-input\":{\"@type\":\"PropertyValueSpecification\",\"valueRequired\":true,\"valueName\":\"search_term_string\"}}],\"inLanguage\":\"fr-FR\"}]}<\/script>\r\n<!-- \/ Yoast SEO plugin. -->","yoast_head_json":{"title":"Margill | Page de mise \u00e0 jour Tables d'int\u00e9r\u00eats","description":"Page pour mise \u00e0 jour de nos tables d'int\u00e9r\u00eats si vous \u00eates abonn\u00e9.","robots":{"index":"index","follow":"follow","max-snippet":"max-snippet:-1","max-image-preview":"max-image-preview:large","max-video-preview":"max-video-preview:-1"},"canonical":"https:\/\/margill.com\/fr\/service-de-mise-a-jour-des-tables\/","og_locale":"fr_FR","og_type":"article","og_title":"Margill | Page de mise \u00e0 jour Tables d'int\u00e9r\u00eats","og_description":"Page pour mise \u00e0 jour de nos tables d'int\u00e9r\u00eats si vous \u00eates abonn\u00e9.","og_url":"https:\/\/margill.com\/fr\/service-de-mise-a-jour-des-tables\/","og_site_name":"Margill","article_modified_time":"2025-12-12T16:26:27+00:00","twitter_card":"summary_large_image","schema":{"@context":"https:\/\/schema.org","@graph":[{"@type":"WebPage","@id":"https:\/\/margill.com\/fr\/service-de-mise-a-jour-des-tables\/","url":"https:\/\/margill.com\/fr\/service-de-mise-a-jour-des-tables\/","name":"Margill | Page de mise \u00e0 jour Tables d'int\u00e9r\u00eats","isPartOf":{"@id":"https:\/\/margill.com\/fr\/#website"},"datePublished":"2016-08-25T22:24:32+00:00","dateModified":"2025-12-12T16:26:27+00:00","description":"Page pour mise \u00e0 jour de nos tables d'int\u00e9r\u00eats si vous \u00eates abonn\u00e9.","breadcrumb":{"@id":"https:\/\/margill.com\/fr\/service-de-mise-a-jour-des-tables\/#breadcrumb"},"inLanguage":"fr-FR","potentialAction":[{"@type":"ReadAction","target":["https:\/\/margill.com\/fr\/service-de-mise-a-jour-des-tables\/"]}]},{"@type":"BreadcrumbList","@id":"https:\/\/margill.com\/fr\/service-de-mise-a-jour-des-tables\/#breadcrumb","itemListElement":[{"@type":"ListItem","position":1,"name":"Home","item":"https:\/\/margill.com\/fr\/"},{"@type":"ListItem","position":2,"name":"Service de mise \u00e0 jour des tables"}]},{"@type":"WebSite","@id":"https:\/\/margill.com\/fr\/#website","url":"https:\/\/margill.com\/fr\/","name":"Margill","description":"Loan Servicing Solutions \/ Interest Calculators","potentialAction":[{"@type":"SearchAction","target":{"@type":"EntryPoint","urlTemplate":"https:\/\/margill.com\/fr\/?s={search_term_string}"},"query-input":{"@type":"PropertyValueSpecification","valueRequired":true,"valueName":"search_term_string"}}],"inLanguage":"fr-FR"}]}},"_links":{"self":[{"href":"https:\/\/margill.com\/fr\/wp-json\/wp\/v2\/pages\/4218","targetHints":{"allow":["GET"]}}],"collection":[{"href":"https:\/\/margill.com\/fr\/wp-json\/wp\/v2\/pages"}],"about":[{"href":"https:\/\/margill.com\/fr\/wp-json\/wp\/v2\/types\/page"}],"author":[{"embeddable":true,"href":"https:\/\/margill.com\/fr\/wp-json\/wp\/v2\/users\/17"}],"replies":[{"embeddable":true,"href":"https:\/\/margill.com\/fr\/wp-json\/wp\/v2\/comments?post=4218"}],"version-history":[{"count":1,"href":"https:\/\/margill.com\/fr\/wp-json\/wp\/v2\/pages\/4218\/revisions"}],"predecessor-version":[{"id":21556,"href":"https:\/\/margill.com\/fr\/wp-json\/wp\/v2\/pages\/4218\/revisions\/21556"}],"wp:attachment":[{"href":"https:\/\/margill.com\/fr\/wp-json\/wp\/v2\/media?parent=4218"}],"curies":[{"name":"wp","href":"https:\/\/api.w.org\/{rel}","templated":true}]}}