{"id":3208,"date":"2015-12-30T19:32:52","date_gmt":"2015-12-30T19:32:52","guid":{"rendered":"http:\/\/margill.com\/fr\/loan-servicing-software-pricing\/"},"modified":"2026-03-27T15:39:43","modified_gmt":"2026-03-27T19:39:43","slug":"prix-gestionnaire-de-prets-margill","status":"publish","type":"page","link":"https:\/\/margill.com\/fr\/prix-gestionnaire-de-prets-margill\/","title":{"rendered":"Gestionnaire de Pr\u00eats Margill &#8211; Achetez d\u00e8s maintenant"},"content":{"rendered":"\n<div class=\"wp-block-group alignwide has-global-padding is-content-justification-left is-layout-constrained wp-container-core-group-is-layout-dd883823 wp-block-group-is-layout-constrained\">\n<div class=\"wp-block-group has-global-padding is-layout-constrained wp-block-group-is-layout-constrained\">\n<p class=\"has-dark-grey-color has-text-color has-link-color wp-elements-01e316236a5d707cb969421469c95686 wp-block-paragraph\" style=\"font-size:clamp(1.092em, 1.092rem + ((1vw - 0.2em) * 0.869), 1.7em);font-style:normal;font-weight:300;line-height:0.8\">Merci d&rsquo;avoir choisi le<\/p>\n\n\n\n<div class=\"wp-block-group is-layout-flow wp-container-core-group-is-layout-25af0a11 wp-block-group-is-layout-flow\">\n<h2 class=\"wp-block-heading has-primary-color has-text-color has-link-color has-xx-large-font-size wp-elements-dbd5174c7679138a8fbace4e127926ef\" style=\"font-style:normal;font-weight:800;letter-spacing:-0.03em;line-height:1\">Gestionnaire de Pr\u00eats<\/h2>\n\n\n\n<p class=\"has-secondary-color has-text-color has-link-color has-x-large-font-size wp-elements-0e4dc6888446e3a31209112a5c34935b wp-block-paragraph\" style=\"font-style:normal;font-weight:300;line-height:0.8\">Margill<\/p>\n<\/div>\n\n\n\n<div class=\"wp-block-group is-style-rounded-corners-small has-grey-1-background-color has-background is-layout-flow wp-container-core-group-is-layout-580605c5 wp-block-group-is-layout-flow\" style=\"padding-top:2em;padding-right:2.94em;padding-bottom:2em;padding-left:2.94em\">\n<p class=\"has-dark-grey-color has-text-color has-link-color has-medium-font-size wp-elements-2eb9ec7739cbb7f9957854497d010d26 wp-block-paragraph\">Le calculateur math\u00e9matique le plus sophistiqu\u00e9 et personnalisable pour les pr\u00eateurs ayant des besoins complexes\u2026 et d\u2019autres moins complexes.<\/p>\n<\/div>\n<\/div>\n<\/div>\n\n\n\n<div class=\"wp-block-group alignwide is-vertical is-layout-flex wp-container-core-group-is-layout-0ecf961b wp-block-group-is-layout-flex\">\n<div class=\"wp-block-columns alignwide is-layout-flex wp-container-core-columns-is-layout-5318e799 wp-block-columns-is-layout-flex\">\n<div class=\"wp-block-column is-layout-flow wp-container-core-column-is-layout-ab7e818e wp-block-column-is-layout-flow\" style=\"flex-basis:100%\">\n<h2 class=\"wp-block-heading has-medium-large-font-size\" style=\"font-style:normal;font-weight:400\">Analyse et configuration pr\u00e9alables \u00e0 l\u2019achat<\/h2>\n\n\n\n<p class=\"wp-block-paragraph\">Vous souhaitez avoir un logiciel enti\u00e8rement configur\u00e9 qui r\u00e9pondra parfaitement \u00e0 vos besoins avant de faire votre achat ? Nous proposons une assistance \u00e0 distance pour la configuration du syst\u00e8me, ainsi que des pr\u00eats et des rapports. Nous offrons \u00e9galement un service d\u2019importation de donn\u00e9es.<br>Tous ces services sont factur\u00e9s \u00e0 l\u2019heure.<\/p>\n<\/div>\n\n\n\n<div class=\"wp-block-column is-layout-flow wp-container-core-column-is-layout-22925c9f wp-block-column-is-layout-flow\" style=\"flex-basis:100%\">\n<div class=\"wp-block-group has-global-padding is-layout-constrained wp-container-core-group-is-layout-5c261f94 wp-block-group-is-layout-constrained\"><\/div>\n<\/div>\n<\/div>\n<\/div>\n\n\n\n<div class=\"wp-block-group alignwide is-layout-flow wp-block-group-is-layout-flow\">\n<div class=\"wp-block-group alignwide is-style-rounded-corners-small has-secondary-background-color has-background is-vertical is-content-justification-stretch is-layout-flex wp-container-core-group-is-layout-92b1d41f wp-block-group-is-layout-flex\" style=\"padding-top:50px;padding-right:50px;padding-bottom:50px;padding-left:50px\">\n<div class=\"wp-block-group is-content-justification-center is-layout-flex wp-container-core-group-is-layout-87970986 wp-block-group-is-layout-flex\">\n<div class=\"wp-block-group has-global-padding is-layout-constrained wp-block-group-is-layout-constrained\">\n<h2 class=\"wp-block-heading has-text-align-center has-white-color has-text-color has-link-color wp-elements-c76be6687d5923984b11a8169716ab43\" style=\"font-size:clamp(1.743rem, 1.743rem + ((1vw - 0.2rem) * 1.796), 3rem);font-style:normal;font-weight:300;line-height:1.1\">Questions ?<br><strong>Ask us !<\/strong><\/h2>\n<\/div>\n\n\n\n<div class=\"wp-block-group wp-container-content-d1243843 is-layout-flow wp-block-group-is-layout-flow\">\n<p class=\"has-blanc-casse-color has-text-color has-link-color has-medium-font-size wp-elements-8f0b1e9208108e71889d1ef670d41032 wp-container-content-9cfa9a5a wp-block-paragraph\" style=\"line-height:1.36\">Questions about Margill solutions? Our team is here to help! Reach out with any inquiries, and we\u2019ll provide the answers and guidance you need.<\/p>\n<\/div>\n<\/div>\n\n\n\n<div class=\"wp-block-group is-content-justification-center is-layout-flex wp-container-core-group-is-layout-47e51fdd wp-block-group-is-layout-flex\" style=\"border-top-color:var(--wp--preset--color--primary);border-top-width:1px\">\n<div class=\"wp-block-group is-nowrap is-layout-flex wp-container-core-group-is-layout-7271d9d5 wp-block-group-is-layout-flex\" style=\"padding-top:20px\">\n<div class=\"wp-block-outermost-icon-block\"><div class=\"icon-container has-icon-color has-primary-color\" style=\"color:#f86700;width:28px;transform:rotate(0deg) scaleX(1) scaleY(1)\"><svg width=\"32\" height=\"33\" viewBox=\"0 0 32 33\" fill=\"none\" xmlns=\"http:\/\/www.w3.org\/2000\/svg\"><path d=\"M18.8563 23.475L17.525 22.7063C14.3125 20.8563 11.6438 18.1813 9.79375 14.975L9.025 13.6438L10.1062 12.5625L12.65 10.0188L9.75 2.76253L2 4.16878V4.50003C2 18.8563 13.6438 30.5 28 30.5H28.3312L29.7375 22.75L22.4813 19.8438L19.9375 22.3875L18.8563 23.475ZM22 17.5L32 21.5L30 32.5H28C12.5375 32.5 0 19.9625 0 4.50003V2.50003L11 0.500031L15 10.5L11.525 13.975C13.2 16.8813 15.6187 19.3 18.525 20.975L22 17.5Z\"><\/path><\/svg><\/div><\/div>\n\n\n\n<p class=\"has-white-color has-text-color has-link-color has-medium-font-size wp-elements-6be848ca7018a93603db28e1a3561a72 wp-block-paragraph\"><a href=\"tel:18776831815\">+1 877 683-1815<\/a>  <mark style=\"background-color:rgba(0, 0, 0, 0)\" class=\"has-inline-color has-primary-color\">\/<\/mark>&nbsp;+1 450 621-8283<\/p>\n<\/div>\n\n\n\n<div class=\"wp-block-group is-nowrap is-layout-flex wp-container-core-group-is-layout-7271d9d5 wp-block-group-is-layout-flex\" style=\"padding-top:20px\">\n<div class=\"wp-block-outermost-icon-block\"><div class=\"icon-container has-icon-color has-primary-color\" style=\"color:#f86700;width:30px;transform:rotate(0deg) scaleX(1) scaleY(1)\"><svg width=\"39\" height=\"29\" viewBox=\"0 0 39 29\" fill=\"none\" xmlns=\"http:\/\/www.w3.org\/2000\/svg\"><path d=\"M2.60669 7.31566L19.2317 18.7453L35.8567 7.31566V2.62503H2.60669V7.31566ZM35.8567 10.1953L19.2317 21.625L2.60669 10.1953V26.375H35.8567V10.1953ZM0.231689 26.375V8.56253V2.62503V0.250031H2.60669H35.8567H38.2317V2.62503V8.56253V26.375V28.75H35.8567H2.60669H0.231689V26.375Z\"><\/path><\/svg><\/div><\/div>\n\n\n\n<p class=\"has-white-color has-text-color has-link-color has-medium-font-size wp-elements-9972fc4fd355c6b607e2364df9f5fdb7 wp-block-paragraph\"><a href=\"mailto:sales@margill.com\">sales@margill.com<\/a><\/p>\n<\/div>\n<\/div>\n<\/div>\n<\/div>\n","protected":false},"excerpt":{"rendered":"<p>Merci d&rsquo;avoir choisi le Gestionnaire de Pr\u00eats Margill Le calculateur math\u00e9matique le plus sophistiqu\u00e9 et personnalisable pour les pr\u00eateurs ayant des besoins complexes\u2026 et d\u2019autres moins complexes. Analyse et configuration pr\u00e9alables \u00e0 l\u2019achat Vous souhaitez avoir un logiciel enti\u00e8rement configur\u00e9 qui r\u00e9pondra parfaitement \u00e0 vos besoins avant de faire votre achat ? Nous proposons une [&hellip;]<\/p>\n","protected":false},"author":17,"featured_media":20260,"parent":0,"menu_order":0,"comment_status":"closed","ping_status":"closed","template":"no-title","meta":{"_crdt_document":"","footnotes":""},"class_list":["post-3208","page","type-page","status-publish","has-post-thumbnail","hentry"],"yoast_head":"<!-- This site is optimized with the Yoast SEO plugin v27.2 - https:\/\/yoast.com\/product\/yoast-seo-wordpress\/ -->\r\n<title>Margill | Prix du Gestionnaire de Pr\u00eats<\/title>\r\n<meta name=\"description\" content=\"Obtenez une soumission et un prix pour notre logiciel de gestion de pr\u00eats Margill.\" \/>\r\n<meta name=\"robots\" content=\"index, follow, max-snippet:-1, max-image-preview:large, max-video-preview:-1\" \/>\r\n<link rel=\"canonical\" href=\"https:\/\/margill.com\/fr\/prix-gestionnaire-de-prets-margill\/\" \/>\r\n<meta property=\"og:locale\" content=\"fr_FR\" \/>\r\n<meta property=\"og:type\" content=\"article\" \/>\r\n<meta property=\"og:title\" content=\"Margill | Prix du Gestionnaire de Pr\u00eats\" \/>\r\n<meta property=\"og:description\" content=\"Obtenez une soumission et un prix pour notre logiciel de gestion de pr\u00eats Margill.\" \/>\r\n<meta property=\"og:url\" content=\"https:\/\/margill.com\/fr\/prix-gestionnaire-de-prets-margill\/\" \/>\r\n<meta property=\"og:site_name\" content=\"Margill\" \/>\r\n<meta property=\"article:modified_time\" content=\"2026-03-27T19:39:43+00:00\" \/>\r\n<meta property=\"og:image\" content=\"https:\/\/margill.com\/wp-content\/uploads\/2025\/08\/loan-manager-en-product-page-2.webp\" \/>\r\n\t<meta property=\"og:image:width\" content=\"1247\" \/>\r\n\t<meta property=\"og:image:height\" content=\"875\" \/>\r\n\t<meta property=\"og:image:type\" content=\"image\/webp\" \/>\r\n<meta name=\"twitter:card\" content=\"summary_large_image\" \/>\r\n<meta name=\"twitter:label1\" content=\"Dur\u00e9e de lecture estim\u00e9e\" \/>\n\t<meta name=\"twitter:data1\" content=\"1 minute\" \/>\r\n<script type=\"application\/ld+json\" class=\"yoast-schema-graph\">{\"@context\":\"https:\/\/schema.org\",\"@graph\":[{\"@type\":\"WebPage\",\"@id\":\"https:\/\/margill.com\/fr\/prix-gestionnaire-de-prets-margill\/\",\"url\":\"https:\/\/margill.com\/fr\/prix-gestionnaire-de-prets-margill\/\",\"name\":\"Margill | Prix du Gestionnaire de Pr\u00eats\",\"isPartOf\":{\"@id\":\"https:\/\/margill.com\/fr\/#website\"},\"primaryImageOfPage\":{\"@id\":\"https:\/\/margill.com\/fr\/prix-gestionnaire-de-prets-margill\/#primaryimage\"},\"image\":{\"@id\":\"https:\/\/margill.com\/fr\/prix-gestionnaire-de-prets-margill\/#primaryimage\"},\"thumbnailUrl\":\"https:\/\/margill.com\/wp-content\/uploads\/2025\/08\/loan-manager-en-product-page-2.webp\",\"datePublished\":\"2015-12-30T19:32:52+00:00\",\"dateModified\":\"2026-03-27T19:39:43+00:00\",\"description\":\"Obtenez une soumission et un prix pour notre logiciel de gestion de pr\u00eats Margill.\",\"breadcrumb\":{\"@id\":\"https:\/\/margill.com\/fr\/prix-gestionnaire-de-prets-margill\/#breadcrumb\"},\"inLanguage\":\"fr-FR\",\"potentialAction\":[{\"@type\":\"ReadAction\",\"target\":[\"https:\/\/margill.com\/fr\/prix-gestionnaire-de-prets-margill\/\"]}]},{\"@type\":\"ImageObject\",\"inLanguage\":\"fr-FR\",\"@id\":\"https:\/\/margill.com\/fr\/prix-gestionnaire-de-prets-margill\/#primaryimage\",\"url\":\"https:\/\/margill.com\/wp-content\/uploads\/2025\/08\/loan-manager-en-product-page-2.webp\",\"contentUrl\":\"https:\/\/margill.com\/wp-content\/uploads\/2025\/08\/loan-manager-en-product-page-2.webp\",\"width\":1247,\"height\":875},{\"@type\":\"BreadcrumbList\",\"@id\":\"https:\/\/margill.com\/fr\/prix-gestionnaire-de-prets-margill\/#breadcrumb\",\"itemListElement\":[{\"@type\":\"ListItem\",\"position\":1,\"name\":\"Home\",\"item\":\"https:\/\/margill.com\/fr\/\"},{\"@type\":\"ListItem\",\"position\":2,\"name\":\"Gestionnaire de Pr\u00eats Margill &#8211; Achetez d\u00e8s maintenant\"}]},{\"@type\":\"WebSite\",\"@id\":\"https:\/\/margill.com\/fr\/#website\",\"url\":\"https:\/\/margill.com\/fr\/\",\"name\":\"Margill\",\"description\":\"Loan Servicing Solutions \/ Interest Calculators\",\"potentialAction\":[{\"@type\":\"SearchAction\",\"target\":{\"@type\":\"EntryPoint\",\"urlTemplate\":\"https:\/\/margill.com\/fr\/?s={search_term_string}\"},\"query-input\":{\"@type\":\"PropertyValueSpecification\",\"valueRequired\":true,\"valueName\":\"search_term_string\"}}],\"inLanguage\":\"fr-FR\"}]}<\/script>\r\n<!-- \/ Yoast SEO plugin. -->","yoast_head_json":{"title":"Margill | Prix du Gestionnaire de Pr\u00eats","description":"Obtenez une soumission et un prix pour notre logiciel de gestion de pr\u00eats Margill.","robots":{"index":"index","follow":"follow","max-snippet":"max-snippet:-1","max-image-preview":"max-image-preview:large","max-video-preview":"max-video-preview:-1"},"canonical":"https:\/\/margill.com\/fr\/prix-gestionnaire-de-prets-margill\/","og_locale":"fr_FR","og_type":"article","og_title":"Margill | Prix du Gestionnaire de Pr\u00eats","og_description":"Obtenez une soumission et un prix pour notre logiciel de gestion de pr\u00eats Margill.","og_url":"https:\/\/margill.com\/fr\/prix-gestionnaire-de-prets-margill\/","og_site_name":"Margill","article_modified_time":"2026-03-27T19:39:43+00:00","og_image":[{"width":1247,"height":875,"url":"https:\/\/margill.com\/wp-content\/uploads\/2025\/08\/loan-manager-en-product-page-2.webp","type":"image\/webp"}],"twitter_card":"summary_large_image","twitter_misc":{"Dur\u00e9e de lecture estim\u00e9e":"1 minute"},"schema":{"@context":"https:\/\/schema.org","@graph":[{"@type":"WebPage","@id":"https:\/\/margill.com\/fr\/prix-gestionnaire-de-prets-margill\/","url":"https:\/\/margill.com\/fr\/prix-gestionnaire-de-prets-margill\/","name":"Margill | Prix du Gestionnaire de Pr\u00eats","isPartOf":{"@id":"https:\/\/margill.com\/fr\/#website"},"primaryImageOfPage":{"@id":"https:\/\/margill.com\/fr\/prix-gestionnaire-de-prets-margill\/#primaryimage"},"image":{"@id":"https:\/\/margill.com\/fr\/prix-gestionnaire-de-prets-margill\/#primaryimage"},"thumbnailUrl":"https:\/\/margill.com\/wp-content\/uploads\/2025\/08\/loan-manager-en-product-page-2.webp","datePublished":"2015-12-30T19:32:52+00:00","dateModified":"2026-03-27T19:39:43+00:00","description":"Obtenez une soumission et un prix pour notre logiciel de gestion de pr\u00eats Margill.","breadcrumb":{"@id":"https:\/\/margill.com\/fr\/prix-gestionnaire-de-prets-margill\/#breadcrumb"},"inLanguage":"fr-FR","potentialAction":[{"@type":"ReadAction","target":["https:\/\/margill.com\/fr\/prix-gestionnaire-de-prets-margill\/"]}]},{"@type":"ImageObject","inLanguage":"fr-FR","@id":"https:\/\/margill.com\/fr\/prix-gestionnaire-de-prets-margill\/#primaryimage","url":"https:\/\/margill.com\/wp-content\/uploads\/2025\/08\/loan-manager-en-product-page-2.webp","contentUrl":"https:\/\/margill.com\/wp-content\/uploads\/2025\/08\/loan-manager-en-product-page-2.webp","width":1247,"height":875},{"@type":"BreadcrumbList","@id":"https:\/\/margill.com\/fr\/prix-gestionnaire-de-prets-margill\/#breadcrumb","itemListElement":[{"@type":"ListItem","position":1,"name":"Home","item":"https:\/\/margill.com\/fr\/"},{"@type":"ListItem","position":2,"name":"Gestionnaire de Pr\u00eats Margill &#8211; Achetez d\u00e8s maintenant"}]},{"@type":"WebSite","@id":"https:\/\/margill.com\/fr\/#website","url":"https:\/\/margill.com\/fr\/","name":"Margill","description":"Loan Servicing Solutions \/ Interest Calculators","potentialAction":[{"@type":"SearchAction","target":{"@type":"EntryPoint","urlTemplate":"https:\/\/margill.com\/fr\/?s={search_term_string}"},"query-input":{"@type":"PropertyValueSpecification","valueRequired":true,"valueName":"search_term_string"}}],"inLanguage":"fr-FR"}]}},"_links":{"self":[{"href":"https:\/\/margill.com\/fr\/wp-json\/wp\/v2\/pages\/3208","targetHints":{"allow":["GET"]}}],"collection":[{"href":"https:\/\/margill.com\/fr\/wp-json\/wp\/v2\/pages"}],"about":[{"href":"https:\/\/margill.com\/fr\/wp-json\/wp\/v2\/types\/page"}],"author":[{"embeddable":true,"href":"https:\/\/margill.com\/fr\/wp-json\/wp\/v2\/users\/17"}],"replies":[{"embeddable":true,"href":"https:\/\/margill.com\/fr\/wp-json\/wp\/v2\/comments?post=3208"}],"version-history":[{"count":81,"href":"https:\/\/margill.com\/fr\/wp-json\/wp\/v2\/pages\/3208\/revisions"}],"predecessor-version":[{"id":22146,"href":"https:\/\/margill.com\/fr\/wp-json\/wp\/v2\/pages\/3208\/revisions\/22146"}],"wp:featuredmedia":[{"embeddable":true,"href":"https:\/\/margill.com\/fr\/wp-json\/wp\/v2\/media\/20260"}],"wp:attachment":[{"href":"https:\/\/margill.com\/fr\/wp-json\/wp\/v2\/media?parent=3208"}],"curies":[{"name":"wp","href":"https:\/\/api.w.org\/{rel}","templated":true}]}}