{"id":20171,"date":"2025-07-29T14:16:53","date_gmt":"2025-07-29T18:16:53","guid":{"rendered":"https:\/\/margill.com\/?page_id=20171"},"modified":"2025-07-29T16:01:16","modified_gmt":"2025-07-29T20:01:16","slug":"organismes-de-developpement-economique-utilisant-margill-au-quebec","status":"publish","type":"page","link":"https:\/\/margill.com\/fr\/organismes-de-developpement-economique-utilisant-margill-au-quebec\/","title":{"rendered":"Organismes de d\u00e9veloppement \u00e9conomique utilisant Margill au Qu\u00e9bec"},"content":{"rendered":"\n<div class=\"wp-block-group alignfull has-global-padding is-layout-constrained wp-block-group-is-layout-constrained\" id=\"hero-image-text-page\">\n<div class=\"wp-block-columns alignwide is-layout-flex wp-container-core-columns-is-layout-d6252c37 wp-block-columns-is-layout-flex\">\n<div class=\"wp-block-column is-layout-flow wp-block-column-is-layout-flow\" style=\"flex-basis:50%\"><figure style=\"aspect-ratio:16\/9;\" class=\"is-style-rounded-corners-small wp-block-post-featured-image wp-container-content-9b0c1c04\"><img loading=\"lazy\" decoding=\"async\" width=\"800\" height=\"533\" src=\"https:\/\/margill.com\/wp-content\/uploads\/2025\/07\/montreal.webp\" class=\"attachment-post-thumbnail size-post-thumbnail wp-post-image\" alt=\"\" style=\"width:100%;height:100%;object-fit:cover;\" srcset=\"https:\/\/margill.com\/wp-content\/uploads\/2025\/07\/montreal.webp 800w, https:\/\/margill.com\/wp-content\/uploads\/2025\/07\/montreal-300x200.webp 300w\" sizes=\"auto, (max-width: 800px) 100vw, 800px\" \/><\/figure><\/div>\n\n\n\n<div class=\"wp-block-column is-vertically-aligned-center is-layout-flow wp-block-column-is-layout-flow\" style=\"flex-basis:50%\">\n<div class=\"wp-block-group block-titre wp-container-content-9b0c1c04 is-vertical is-content-justification-left is-layout-flex wp-container-core-group-is-layout-dca2df2a wp-block-group-is-layout-flex\">\n<div class=\"wp-block-group is-style-rounded-corners-small has-white-color has-blanc-casse-background-color has-text-color has-background has-link-color wp-elements-53a391883f1ed5346ef5d00ad3e42500 wp-container-content-164459c7 has-global-padding is-content-justification-left is-layout-constrained wp-container-core-group-is-layout-38e99003 wp-block-group-is-layout-constrained\" style=\"padding-top:2em;padding-right:5em;padding-bottom:2em;padding-left:3em\"><h1 style=\"font-style:normal;font-weight:400;line-height:1;\" class=\"has-link-color wp-elements-d9b6b40cbaca29c2611eb440459e0a83 wp-block-post-title has-text-color has-dark-grey-color has-large-font-size has-aileron-font-family\">Organismes de d\u00e9veloppement \u00e9conomique utilisant Margill au Qu\u00e9bec<\/h1><\/div>\n<\/div>\n<\/div>\n<\/div>\n<\/div>\n\n\n\n<div class=\"wp-block-group alignfull has-global-padding is-layout-constrained wp-block-group-is-layout-constrained\">\n<div class=\"wp-block-columns is-layout-flex wp-container-core-columns-is-layout-9baa9b4c wp-block-columns-is-layout-flex\">\n<div class=\"wp-block-column is-layout-flow wp-block-column-is-layout-flow\">\n<ul class=\"wp-block-list\">\n<li>Acc\u00e8s Entreprise Beauharnois-Salaberry (CLD)<\/li>\n\n\n\n<li>Acc\u00e8s Micro-cr\u00e9dit Baie des Chaleurs<\/li>\n\n\n\n<li>Administration r\u00e9gionale de la Baie-James<\/li>\n\n\n\n<li>Association des groupes de ressources techniques du Qu\u00e9bec (AGRTQ)<\/li>\n\n\n\n<li>Beauce Centre \u00c9conomique \u2013 CLD Robert-Cliche<\/li>\n\n\n\n<li>Caisse Sociale de D\u00e9veloppement Local<\/li>\n\n\n\n<li>CDE de la MRC des Laurentides<\/li>\n\n\n\n<li>CID Alma<\/li>\n\n\n\n<li>CDEJ de la MRC Joliette<\/li>\n\n\n\n<li>CIENOV (L\u2019Assomption)<\/li>\n\n\n\n<li>CLD Abitibi<\/li>\n\n\n\n<li>CLD Brome-Missisquoi<\/li>\n\n\n\n<li>CLD de la Haute-Gasp\u00e9sie<\/li>\n\n\n\n<li>CLD de la MRC d\u2019Antoine-Labelle<\/li>\n\n\n\n<li>CLD de la MRC de B\u00e9cancour<\/li>\n\n\n\n<li>CLD de l\u2019\u00cele-d\u2019Orl\u00e9ans<\/li>\n\n\n\n<li>CLD de Rouyn-Noranda<\/li>\n\n\n\n<li>CLD des Basques<\/li>\n\n\n\n<li>CLD des Jardins de Napierville<\/li>\n\n\n\n<li>CLD Haut-St-Fran\u00e7ois<\/li>\n\n\n\n<li>CLD Jardins-de-Napierville<\/li>\n\n\n\n<li>CLD M\u00e9kinac<\/li>\n\n\n\n<li>CLD Pierre de Saurel<\/li>\n\n\n\n<li>Corporation de d\u00e9veloppement \u00e9conomique de Victoriaville et sa r\u00e9gion (CDEVR)<\/li>\n\n\n\n<li>D\u00e9veloppement \u00e9conomique Longueuil (DEL)<\/li>\n\n\n\n<li>D\u00e9veloppement \u00e9conomique Matanie (DEM)<\/li>\n\n\n\n<li>D\u00e9veloppement \u00e9conomique Pierre-de-Saurel<\/li>\n\n\n\n<li>D\u00e9veloppement Vaudreuil-Soulanges<\/li>\n\n\n\n<li>Entreprendre Sherbrooke<\/li>\n\n\n\n<li>Femmessor<\/li>\n\n\n\n<li>Fiducie du Chantier de l\u2019\u00e9conomie sociale<\/li>\n\n\n\n<li>Fonds d\u2019Emprunt des Laurentides<\/li>\n\n\n\n<li>Fonds d\u2019Emprunt Mont\u00e9r\u00e9gie<\/li>\n\n\n\n<li>Fonds d\u2019Emprunt Qu\u00e9bec<\/li>\n\n\n\n<li>Fonds de d\u00e9veloppement Industriel Richmond-Wolfe<\/li>\n\n\n\n<li>Fonds Mauricie<\/li>\n\n\n\n<li>ID Gatineau<\/li>\n\n\n\n<li>IDE Trois-Rivi\u00e8res<\/li>\n\n\n\n<li>Innovation et D\u00e9veloppement Manicouagan (CLD)<\/li>\n\n\n\n<li>IVCDO<\/li>\n\n\n\n<li>Kuujjuamiut<\/li>\n\n\n\n<li>La Soci\u00e9t\u00e9 d\u2019investissement Jeunesse<\/li>\n\n\n\n<li>MicroEntreprendre Centre-du-Qu\u00e9bec<\/li>\n\n\n\n<li>MicroEntreprendre C\u00f4te-Nord<\/li>\n\n\n\n<li>MicroEntreprendre Lanaudi\u00e8re<\/li>\n\n\n\n<li>Mitis en affaires<\/li>\n\n\n\n<li>MRC Charlevoix-Est<\/li>\n\n\n\n<li>MRC d\u2019Abitibi-Ouest<\/li>\n\n\n\n<li>MRC d\u2019Autray<\/li>\n\n\n\n<li>MRC d\u2019Avignon<\/li>\n\n\n\n<li>MRC de Bonaventure<\/li>\n\n\n\n<li>MRC de Coaticook<\/li>\n<\/ul>\n<\/div>\n\n\n\n<div class=\"wp-block-column is-layout-flow wp-block-column-is-layout-flow\">\n<ul class=\"wp-block-list\">\n<li>MRC de la Rivi\u00e8re-du-Nord<\/li>\n\n\n\n<li>MRC de l\u2019Islet<\/li>\n\n\n\n<li>MRC de la Haute-C\u00f4te-Nord<\/li>\n\n\n\n<li>MRC de la Matap\u00e9dia, Service de d\u00e9veloppement<\/li>\n\n\n\n<li>MRC de la r\u00e9gion d\u2019Acton<\/li>\n\n\n\n<li>MRC de la Vall\u00e9e-de-l\u2019Or<\/li>\n\n\n\n<li>MRC de l\u2019\u00c9rable<\/li>\n\n\n\n<li>MRC de Maskinong\u00e9<\/li>\n\n\n\n<li>MRC de Matawini<\/li>\n\n\n\n<li>MRC de Memphr\u00e9magog<\/li>\n\n\n\n<li>MRC de Montmagny<\/li>\n\n\n\n<li>MRC de Papineau<\/li>\n\n\n\n<li>MRC de Portneuf<\/li>\n\n\n\n<li>MRC de Roussillon<\/li>\n\n\n\n<li>MRC de Rouville<\/li>\n\n\n\n<li>MRC de Sept-Rivi\u00e8res<\/li>\n\n\n\n<li>MRC des Chenaux<\/li>\n\n\n\n<li>MRC des Etchemins<\/li>\n\n\n\n<li>MRC des Pays-d\u2019en-Haut<\/li>\n\n\n\n<li>MRC de T\u00e9miscouata<\/li>\n\n\n\n<li>MRC Domaine-du-Roy<\/li>\n\n\n\n<li>MRC Haut Saint-Laurent<\/li>\n\n\n\n<li>MRC Haute-Yamaska (Granby Industriel)<\/li>\n\n\n\n<li>MRC Kamouraska<\/li>\n\n\n\n<li>MRC Lotbini\u00e8re<\/li>\n\n\n\n<li>MRC Montcalm<\/li>\n\n\n\n<li>MRC Nicolet-Yamaska<\/li>\n\n\n\n<li>MRC Pontiac<\/li>\n\n\n\n<li>MRC Th\u00e9r\u00e8se-de-Blainville<\/li>\n\n\n\n<li>MRC Val Saint-Fran\u00e7ois<\/li>\n\n\n\n<li>Municipalit\u00e9 des \u00celes<\/li>\n\n\n\n<li>PME MTL Centre-Est<\/li>\n\n\n\n<li>PME MTL Centre-Ouest<\/li>\n\n\n\n<li>PME MTL Centre-Ville<\/li>\n\n\n\n<li>PME MTL Grand Sud-Ouest<\/li>\n\n\n\n<li>PME MTL Est de l\u2019\u00cele<\/li>\n\n\n\n<li>PME MTL West Island<\/li>\n\n\n\n<li>Pro-Gestion Estrie<\/li>\n\n\n\n<li>Promotion Saguenay<\/li>\n\n\n\n<li>R\u00e9seau Acc\u00e8s-Cr\u00e9dit<\/li>\n\n\n\n<li>R\u00e9seau d\u2019investissement social du Qu\u00e9bec (RISQ)<\/li>\n\n\n\n<li>SADC Achigan-Montcalm<\/li>\n\n\n\n<li>SDE Granit<\/li>\n\n\n\n<li>SDE Thetford Mines<\/li>\n\n\n\n<li>Soci\u00e9t\u00e9 de d\u00e9veloppement de l\u2019industrie maricole (SODIM)<\/li>\n\n\n\n<li>Soci\u00e9t\u00e9 de promotion \u00e9conomique de Rimouski<\/li>\n\n\n\n<li>SOCLE<\/li>\n\n\n\n<li>Ville de Laval<\/li>\n\n\n\n<li>Ville de Mirabel<\/li>\n\n\n\n<li>Ville de Qu\u00e9bec<\/li>\n\n\n\n<li>Ville de&nbsp;Shawinigan \u2013 Div. D\u00e9veloppement \u00e9conomique<\/li>\n<\/ul>\n<\/div>\n<\/div>\n\n\n\n<div class=\"wp-block-buttons is-layout-flex wp-block-buttons-is-layout-flex\">\n<div class=\"wp-block-button\"><a class=\"wp-block-button__link wp-element-button\" href=\"https:\/\/margill.com\/fr\/a-propos\/nos-clients\/\">\u00ab retour \u00e0 la liste de clients<\/a><\/div>\n<\/div>\n<\/div>\n","protected":false},"excerpt":{"rendered":"","protected":false},"author":17,"featured_media":20172,"parent":0,"menu_order":0,"comment_status":"closed","ping_status":"closed","template":"no-title","meta":{"_crdt_document":"","footnotes":""},"class_list":["post-20171","page","type-page","status-publish","has-post-thumbnail","hentry"],"yoast_head":"<!-- This site is optimized with the Yoast SEO plugin v27.2 - https:\/\/yoast.com\/product\/yoast-seo-wordpress\/ -->\r\n<title>Organismes de d\u00e9veloppement \u00e9conomique utilisant Margill au Qu\u00e9bec - Margill<\/title>\r\n<meta name=\"robots\" content=\"index, follow, max-snippet:-1, max-image-preview:large, max-video-preview:-1\" \/>\r\n<link rel=\"canonical\" href=\"https:\/\/margill.com\/fr\/organismes-de-developpement-economique-utilisant-margill-au-quebec\/\" \/>\r\n<meta property=\"og:locale\" content=\"fr_FR\" \/>\r\n<meta property=\"og:type\" content=\"article\" \/>\r\n<meta property=\"og:title\" content=\"Organismes de d\u00e9veloppement \u00e9conomique utilisant Margill au Qu\u00e9bec - Margill\" \/>\r\n<meta property=\"og:url\" content=\"https:\/\/margill.com\/fr\/organismes-de-developpement-economique-utilisant-margill-au-quebec\/\" \/>\r\n<meta property=\"og:site_name\" content=\"Margill\" \/>\r\n<meta property=\"article:modified_time\" content=\"2025-07-29T20:01:16+00:00\" \/>\r\n<meta property=\"og:image\" content=\"https:\/\/margill.com\/wp-content\/uploads\/2025\/07\/montreal.webp\" \/>\r\n\t<meta property=\"og:image:width\" content=\"800\" \/>\r\n\t<meta property=\"og:image:height\" content=\"533\" \/>\r\n\t<meta property=\"og:image:type\" content=\"image\/webp\" \/>\r\n<meta name=\"twitter:card\" content=\"summary_large_image\" \/>\r\n<meta name=\"twitter:label1\" content=\"Dur\u00e9e de lecture estim\u00e9e\" \/>\n\t<meta name=\"twitter:data1\" content=\"2 minutes\" \/>\r\n<script type=\"application\/ld+json\" class=\"yoast-schema-graph\">{\"@context\":\"https:\/\/schema.org\",\"@graph\":[{\"@type\":\"WebPage\",\"@id\":\"https:\/\/margill.com\/fr\/organismes-de-developpement-economique-utilisant-margill-au-quebec\/\",\"url\":\"https:\/\/margill.com\/fr\/organismes-de-developpement-economique-utilisant-margill-au-quebec\/\",\"name\":\"Organismes de d\u00e9veloppement \u00e9conomique utilisant Margill au Qu\u00e9bec - Margill\",\"isPartOf\":{\"@id\":\"https:\/\/margill.com\/fr\/#website\"},\"primaryImageOfPage\":{\"@id\":\"https:\/\/margill.com\/fr\/organismes-de-developpement-economique-utilisant-margill-au-quebec\/#primaryimage\"},\"image\":{\"@id\":\"https:\/\/margill.com\/fr\/organismes-de-developpement-economique-utilisant-margill-au-quebec\/#primaryimage\"},\"thumbnailUrl\":\"https:\/\/margill.com\/wp-content\/uploads\/2025\/07\/montreal.webp\",\"datePublished\":\"2025-07-29T18:16:53+00:00\",\"dateModified\":\"2025-07-29T20:01:16+00:00\",\"breadcrumb\":{\"@id\":\"https:\/\/margill.com\/fr\/organismes-de-developpement-economique-utilisant-margill-au-quebec\/#breadcrumb\"},\"inLanguage\":\"fr-FR\",\"potentialAction\":[{\"@type\":\"ReadAction\",\"target\":[\"https:\/\/margill.com\/fr\/organismes-de-developpement-economique-utilisant-margill-au-quebec\/\"]}]},{\"@type\":\"ImageObject\",\"inLanguage\":\"fr-FR\",\"@id\":\"https:\/\/margill.com\/fr\/organismes-de-developpement-economique-utilisant-margill-au-quebec\/#primaryimage\",\"url\":\"https:\/\/margill.com\/wp-content\/uploads\/2025\/07\/montreal.webp\",\"contentUrl\":\"https:\/\/margill.com\/wp-content\/uploads\/2025\/07\/montreal.webp\",\"width\":800,\"height\":533},{\"@type\":\"BreadcrumbList\",\"@id\":\"https:\/\/margill.com\/fr\/organismes-de-developpement-economique-utilisant-margill-au-quebec\/#breadcrumb\",\"itemListElement\":[{\"@type\":\"ListItem\",\"position\":1,\"name\":\"Home\",\"item\":\"https:\/\/margill.com\/fr\/\"},{\"@type\":\"ListItem\",\"position\":2,\"name\":\"Organismes de d\u00e9veloppement \u00e9conomique utilisant Margill au Qu\u00e9bec\"}]},{\"@type\":\"WebSite\",\"@id\":\"https:\/\/margill.com\/fr\/#website\",\"url\":\"https:\/\/margill.com\/fr\/\",\"name\":\"Margill\",\"description\":\"Loan Servicing Solutions \/ Interest Calculators\",\"potentialAction\":[{\"@type\":\"SearchAction\",\"target\":{\"@type\":\"EntryPoint\",\"urlTemplate\":\"https:\/\/margill.com\/fr\/?s={search_term_string}\"},\"query-input\":{\"@type\":\"PropertyValueSpecification\",\"valueRequired\":true,\"valueName\":\"search_term_string\"}}],\"inLanguage\":\"fr-FR\"}]}<\/script>\r\n<!-- \/ Yoast SEO plugin. -->","yoast_head_json":{"title":"Organismes de d\u00e9veloppement \u00e9conomique utilisant Margill au Qu\u00e9bec - Margill","robots":{"index":"index","follow":"follow","max-snippet":"max-snippet:-1","max-image-preview":"max-image-preview:large","max-video-preview":"max-video-preview:-1"},"canonical":"https:\/\/margill.com\/fr\/organismes-de-developpement-economique-utilisant-margill-au-quebec\/","og_locale":"fr_FR","og_type":"article","og_title":"Organismes de d\u00e9veloppement \u00e9conomique utilisant Margill au Qu\u00e9bec - Margill","og_url":"https:\/\/margill.com\/fr\/organismes-de-developpement-economique-utilisant-margill-au-quebec\/","og_site_name":"Margill","article_modified_time":"2025-07-29T20:01:16+00:00","og_image":[{"width":800,"height":533,"url":"https:\/\/margill.com\/wp-content\/uploads\/2025\/07\/montreal.webp","type":"image\/webp"}],"twitter_card":"summary_large_image","twitter_misc":{"Dur\u00e9e de lecture estim\u00e9e":"2 minutes"},"schema":{"@context":"https:\/\/schema.org","@graph":[{"@type":"WebPage","@id":"https:\/\/margill.com\/fr\/organismes-de-developpement-economique-utilisant-margill-au-quebec\/","url":"https:\/\/margill.com\/fr\/organismes-de-developpement-economique-utilisant-margill-au-quebec\/","name":"Organismes de d\u00e9veloppement \u00e9conomique utilisant Margill au Qu\u00e9bec - Margill","isPartOf":{"@id":"https:\/\/margill.com\/fr\/#website"},"primaryImageOfPage":{"@id":"https:\/\/margill.com\/fr\/organismes-de-developpement-economique-utilisant-margill-au-quebec\/#primaryimage"},"image":{"@id":"https:\/\/margill.com\/fr\/organismes-de-developpement-economique-utilisant-margill-au-quebec\/#primaryimage"},"thumbnailUrl":"https:\/\/margill.com\/wp-content\/uploads\/2025\/07\/montreal.webp","datePublished":"2025-07-29T18:16:53+00:00","dateModified":"2025-07-29T20:01:16+00:00","breadcrumb":{"@id":"https:\/\/margill.com\/fr\/organismes-de-developpement-economique-utilisant-margill-au-quebec\/#breadcrumb"},"inLanguage":"fr-FR","potentialAction":[{"@type":"ReadAction","target":["https:\/\/margill.com\/fr\/organismes-de-developpement-economique-utilisant-margill-au-quebec\/"]}]},{"@type":"ImageObject","inLanguage":"fr-FR","@id":"https:\/\/margill.com\/fr\/organismes-de-developpement-economique-utilisant-margill-au-quebec\/#primaryimage","url":"https:\/\/margill.com\/wp-content\/uploads\/2025\/07\/montreal.webp","contentUrl":"https:\/\/margill.com\/wp-content\/uploads\/2025\/07\/montreal.webp","width":800,"height":533},{"@type":"BreadcrumbList","@id":"https:\/\/margill.com\/fr\/organismes-de-developpement-economique-utilisant-margill-au-quebec\/#breadcrumb","itemListElement":[{"@type":"ListItem","position":1,"name":"Home","item":"https:\/\/margill.com\/fr\/"},{"@type":"ListItem","position":2,"name":"Organismes de d\u00e9veloppement \u00e9conomique utilisant Margill au Qu\u00e9bec"}]},{"@type":"WebSite","@id":"https:\/\/margill.com\/fr\/#website","url":"https:\/\/margill.com\/fr\/","name":"Margill","description":"Loan Servicing Solutions \/ Interest Calculators","potentialAction":[{"@type":"SearchAction","target":{"@type":"EntryPoint","urlTemplate":"https:\/\/margill.com\/fr\/?s={search_term_string}"},"query-input":{"@type":"PropertyValueSpecification","valueRequired":true,"valueName":"search_term_string"}}],"inLanguage":"fr-FR"}]}},"_links":{"self":[{"href":"https:\/\/margill.com\/fr\/wp-json\/wp\/v2\/pages\/20171","targetHints":{"allow":["GET"]}}],"collection":[{"href":"https:\/\/margill.com\/fr\/wp-json\/wp\/v2\/pages"}],"about":[{"href":"https:\/\/margill.com\/fr\/wp-json\/wp\/v2\/types\/page"}],"author":[{"embeddable":true,"href":"https:\/\/margill.com\/fr\/wp-json\/wp\/v2\/users\/17"}],"replies":[{"embeddable":true,"href":"https:\/\/margill.com\/fr\/wp-json\/wp\/v2\/comments?post=20171"}],"version-history":[{"count":6,"href":"https:\/\/margill.com\/fr\/wp-json\/wp\/v2\/pages\/20171\/revisions"}],"predecessor-version":[{"id":20214,"href":"https:\/\/margill.com\/fr\/wp-json\/wp\/v2\/pages\/20171\/revisions\/20214"}],"wp:featuredmedia":[{"embeddable":true,"href":"https:\/\/margill.com\/fr\/wp-json\/wp\/v2\/media\/20172"}],"wp:attachment":[{"href":"https:\/\/margill.com\/fr\/wp-json\/wp\/v2\/media?parent=20171"}],"curies":[{"name":"wp","href":"https:\/\/api.w.org\/{rel}","templated":true}]}}