{"id":19757,"date":"2025-03-31T14:48:42","date_gmt":"2025-03-31T18:48:42","guid":{"rendered":"https:\/\/margill.com\/videos-guide\/"},"modified":"2025-07-29T15:27:39","modified_gmt":"2025-07-29T19:27:39","slug":"videos-guide","status":"publish","type":"page","link":"https:\/\/margill.com\/fr\/videos-guide\/","title":{"rendered":"Guides vid\u00e9os"},"content":{"rendered":"\n<div class=\"wp-block-columns alignwide is-layout-flex wp-container-core-columns-is-layout-d6252c37 wp-block-columns-is-layout-flex\">\n<div class=\"wp-block-column is-layout-flow wp-block-column-is-layout-flow\" style=\"flex-basis:50%\"><figure style=\"aspect-ratio:16\/9;\" class=\"is-style-rounded-corners-small wp-block-post-featured-image wp-container-content-9b0c1c04\"><img loading=\"lazy\" decoding=\"async\" width=\"1267\" height=\"711\" src=\"https:\/\/margill.com\/wp-content\/uploads\/2025\/07\/video-featured-image-2.webp\" class=\"attachment-post-thumbnail size-post-thumbnail wp-post-image\" alt=\"\" style=\"width:100%;height:100%;object-fit:cover;\" srcset=\"https:\/\/margill.com\/wp-content\/uploads\/2025\/07\/video-featured-image-2.webp 1267w, https:\/\/margill.com\/wp-content\/uploads\/2025\/07\/video-featured-image-2-300x168.webp 300w, https:\/\/margill.com\/wp-content\/uploads\/2025\/07\/video-featured-image-2-1030x578.webp 1030w\" sizes=\"auto, (max-width: 1267px) 100vw, 1267px\" \/><\/figure><\/div>\n\n\n\n<div class=\"wp-block-column is-vertically-aligned-center is-layout-flow wp-block-column-is-layout-flow\" style=\"flex-basis:50%\">\n<div class=\"wp-block-group block-titre wp-container-content-9b0c1c04 is-vertical is-content-justification-left is-layout-flex wp-container-core-group-is-layout-dca2df2a wp-block-group-is-layout-flex\">\n<div class=\"wp-block-group is-style-rounded-corners-small has-white-color has-grey-1-background-color has-text-color has-background has-link-color wp-elements-fa3da0d13229f28d2427ec8185d746ac wp-container-content-164459c7 is-layout-flow wp-container-core-group-is-layout-e54f27e3 wp-block-group-is-layout-flow\" style=\"padding-top:2em;padding-right:5em;padding-bottom:2em;padding-left:3em\"><h1 style=\"font-style:normal;font-weight:400;line-height:1;\" class=\"has-link-color wp-elements-f5f01af5bcb63bfe3edbfbe6428951a1 wp-block-post-title has-text-color has-dark-grey-color has-xx-large-font-size has-aileron-font-family\">Guides vid\u00e9os<\/h1>\n\n\n<p class=\"has-primary-color has-text-color has-link-color has-medium-large-font-size wp-elements-f786f144e7672bd1ce372f4653fd3975 wp-block-paragraph\">Gestionnaire de Pr\u00eats <mark style=\"background-color:rgba(0, 0, 0, 0)\" class=\"has-inline-color has-dark-grey-color\">Margill<\/mark><\/p>\n<\/div>\n<\/div>\n<\/div>\n<\/div>\n\n\n\n<div class=\"wp-block-group alignwide videos-gallery is-layout-grid wp-container-core-group-is-layout-b706e71b wp-block-group-is-layout-grid\">\n<div class=\"wp-block-group wp-container-content-9df8e368 has-global-padding is-layout-constrained wp-container-core-group-is-layout-3254e793 wp-block-group-is-layout-constrained\">\n<figure class=\"wp-block-image size-large\"><img loading=\"lazy\" decoding=\"async\" width=\"1030\" height=\"581\" src=\"https:\/\/margill.com\/wp-content\/uploads\/2020\/04\/img-margill-outil-de-mise-a-jour-des-paiements-1030x581.jpg\" alt=\"\" class=\"wp-image-17126\" style=\"aspect-ratio:16\/9;object-fit:cover\" srcset=\"https:\/\/margill.com\/wp-content\/uploads\/2020\/04\/img-margill-outil-de-mise-a-jour-des-paiements-1030x581.jpg 1030w, https:\/\/margill.com\/wp-content\/uploads\/2020\/04\/img-margill-outil-de-mise-a-jour-des-paiements-300x169.jpg 300w, https:\/\/margill.com\/wp-content\/uploads\/2020\/04\/img-margill-outil-de-mise-a-jour-des-paiements-705x398.jpg 705w, https:\/\/margill.com\/wp-content\/uploads\/2020\/04\/img-margill-outil-de-mise-a-jour-des-paiements-450x254.jpg 450w, https:\/\/margill.com\/wp-content\/uploads\/2020\/04\/img-margill-outil-de-mise-a-jour-des-paiements.jpg 1257w\" sizes=\"auto, (max-width: 1030px) 100vw, 1030px\" \/><\/figure>\n\n\n\n<h3 class=\"wp-block-heading has-medium-font-size\" style=\"font-style:normal;font-weight:400\">Outil de Mise \u00e0 jour des paiements &#8211; (Version 5.x)<\/h3>\n<\/div>\n\n\n\n<div class=\"wp-block-group wp-container-content-9df8e368 has-global-padding is-layout-constrained wp-container-core-group-is-layout-3254e793 wp-block-group-is-layout-constrained\">\n<figure class=\"wp-block-image size-full\"><img loading=\"lazy\" decoding=\"async\" width=\"1267\" height=\"711\" src=\"https:\/\/margill.com\/wp-content\/uploads\/2020\/05\/margill-survol-de-la-fenetre.jpg\" alt=\"\" class=\"wp-image-17133\" srcset=\"https:\/\/margill.com\/wp-content\/uploads\/2020\/05\/margill-survol-de-la-fenetre.jpg 1267w, https:\/\/margill.com\/wp-content\/uploads\/2020\/05\/margill-survol-de-la-fenetre-300x168.jpg 300w, https:\/\/margill.com\/wp-content\/uploads\/2020\/05\/margill-survol-de-la-fenetre-1030x578.jpg 1030w, https:\/\/margill.com\/wp-content\/uploads\/2020\/05\/margill-survol-de-la-fenetre-705x396.jpg 705w, https:\/\/margill.com\/wp-content\/uploads\/2020\/05\/margill-survol-de-la-fenetre-450x253.jpg 450w\" sizes=\"auto, (max-width: 1267px) 100vw, 1267px\" \/><\/figure>\n\n\n\n<h3 class=\"wp-block-heading has-medium-font-size\" style=\"font-style:normal;font-weight:400\">Survol de la fen\u00eatre Principale et personnalisation (Version 5.x)<\/h3>\n<\/div>\n\n\n\n<div class=\"wp-block-group wp-container-content-9df8e368 has-global-padding is-layout-constrained wp-container-core-group-is-layout-3254e793 wp-block-group-is-layout-constrained\">\n<figure class=\"wp-block-image size-full\"><img loading=\"lazy\" decoding=\"async\" width=\"1271\" height=\"715\" src=\"https:\/\/margill.com\/wp-content\/uploads\/2020\/05\/mlm-produire-rapports-avec-requetes-avancees.jpg\" alt=\"\" class=\"wp-image-17138\" srcset=\"https:\/\/margill.com\/wp-content\/uploads\/2020\/05\/mlm-produire-rapports-avec-requetes-avancees.jpg 1271w, https:\/\/margill.com\/wp-content\/uploads\/2020\/05\/mlm-produire-rapports-avec-requetes-avancees-300x169.jpg 300w, https:\/\/margill.com\/wp-content\/uploads\/2020\/05\/mlm-produire-rapports-avec-requetes-avancees-1030x579.jpg 1030w, https:\/\/margill.com\/wp-content\/uploads\/2020\/05\/mlm-produire-rapports-avec-requetes-avancees-705x397.jpg 705w, https:\/\/margill.com\/wp-content\/uploads\/2020\/05\/mlm-produire-rapports-avec-requetes-avancees-450x253.jpg 450w\" sizes=\"auto, (max-width: 1271px) 100vw, 1271px\" \/><\/figure>\n\n\n\n<h3 class=\"wp-block-heading has-medium-font-size\" style=\"font-style:normal;font-weight:400\">Produire rapports avec Requ\u00eates avanc\u00e9es (Version 5.x)<\/h3>\n<\/div>\n\n\n\n<div class=\"wp-block-group wp-container-content-9df8e368 has-global-padding is-layout-constrained wp-container-core-group-is-layout-3254e793 wp-block-group-is-layout-constrained\">\n<figure class=\"wp-block-image size-full\"><img loading=\"lazy\" decoding=\"async\" width=\"1271\" height=\"711\" src=\"https:\/\/margill.com\/wp-content\/uploads\/2020\/05\/mlm-programme-aide-urgence.jpg\" alt=\"\" class=\"wp-image-17137\" srcset=\"https:\/\/margill.com\/wp-content\/uploads\/2020\/05\/mlm-programme-aide-urgence.jpg 1271w, https:\/\/margill.com\/wp-content\/uploads\/2020\/05\/mlm-programme-aide-urgence-300x168.jpg 300w, https:\/\/margill.com\/wp-content\/uploads\/2020\/05\/mlm-programme-aide-urgence-1030x576.jpg 1030w, https:\/\/margill.com\/wp-content\/uploads\/2020\/05\/mlm-programme-aide-urgence-705x394.jpg 705w, https:\/\/margill.com\/wp-content\/uploads\/2020\/05\/mlm-programme-aide-urgence-450x252.jpg 450w\" sizes=\"auto, (max-width: 1271px) 100vw, 1271px\" \/><\/figure>\n\n\n\n<h3 class=\"wp-block-heading has-medium-font-size\" style=\"font-style:normal;font-weight:400\">Exemple de pr\u00eat : programme Aide d&rsquo;urgence aux PME &#8211; D\u00e9taill\u00e9 (Version 5.x)<\/h3>\n<\/div>\n\n\n\n<div class=\"wp-block-group wp-container-content-9df8e368 has-global-padding is-layout-constrained wp-container-core-group-is-layout-3254e793 wp-block-group-is-layout-constrained\">\n<figure class=\"wp-block-image size-full\"><img loading=\"lazy\" decoding=\"async\" width=\"1271\" height=\"711\" src=\"https:\/\/margill.com\/wp-content\/uploads\/2020\/05\/mlm-programme-aide-urgence.jpg\" alt=\"\" class=\"wp-image-17137\" srcset=\"https:\/\/margill.com\/wp-content\/uploads\/2020\/05\/mlm-programme-aide-urgence.jpg 1271w, https:\/\/margill.com\/wp-content\/uploads\/2020\/05\/mlm-programme-aide-urgence-300x168.jpg 300w, https:\/\/margill.com\/wp-content\/uploads\/2020\/05\/mlm-programme-aide-urgence-1030x576.jpg 1030w, https:\/\/margill.com\/wp-content\/uploads\/2020\/05\/mlm-programme-aide-urgence-705x394.jpg 705w, https:\/\/margill.com\/wp-content\/uploads\/2020\/05\/mlm-programme-aide-urgence-450x252.jpg 450w\" sizes=\"auto, (max-width: 1271px) 100vw, 1271px\" \/><\/figure>\n\n\n\n<h3 class=\"wp-block-heading has-medium-font-size\" style=\"font-style:normal;font-weight:400\">Exemple de pr\u00eat : programme Aide d\u2019urgence aux PME \u2013 Les grandes lignes (Version 5.x)<\/h3>\n<\/div>\n\n\n\n<div class=\"wp-block-group wp-container-content-9df8e368 has-global-padding is-layout-constrained wp-container-core-group-is-layout-3254e793 wp-block-group-is-layout-constrained\">\n<figure class=\"wp-block-image size-full\"><img loading=\"lazy\" decoding=\"async\" width=\"1269\" height=\"717\" src=\"https:\/\/margill.com\/wp-content\/uploads\/2020\/05\/Presentation-du-Calendrier-de-paiements.jpg\" alt=\"\" class=\"wp-image-17141\" srcset=\"https:\/\/margill.com\/wp-content\/uploads\/2020\/05\/Presentation-du-Calendrier-de-paiements.jpg 1269w, https:\/\/margill.com\/wp-content\/uploads\/2020\/05\/Presentation-du-Calendrier-de-paiements-300x170.jpg 300w, https:\/\/margill.com\/wp-content\/uploads\/2020\/05\/Presentation-du-Calendrier-de-paiements-1030x582.jpg 1030w, https:\/\/margill.com\/wp-content\/uploads\/2020\/05\/Presentation-du-Calendrier-de-paiements-705x398.jpg 705w, https:\/\/margill.com\/wp-content\/uploads\/2020\/05\/Presentation-du-Calendrier-de-paiements-450x254.jpg 450w\" sizes=\"auto, (max-width: 1269px) 100vw, 1269px\" \/><\/figure>\n\n\n\n<h3 class=\"wp-block-heading has-medium-font-size\" style=\"font-style:normal;font-weight:400\">Survol du calendrier de paiements (Version 5.x)<\/h3>\n<\/div>\n\n\n\n<div class=\"wp-block-group wp-container-content-9df8e368 has-global-padding is-layout-constrained wp-container-core-group-is-layout-3254e793 wp-block-group-is-layout-constrained\">\n<figure class=\"wp-block-image size-full\"><img loading=\"lazy\" decoding=\"async\" width=\"1277\" height=\"716\" src=\"https:\/\/margill.com\/wp-content\/uploads\/2020\/05\/Paiements-electroniques-avec-Perceptech.jpg\" alt=\"\" class=\"wp-image-17142\" srcset=\"https:\/\/margill.com\/wp-content\/uploads\/2020\/05\/Paiements-electroniques-avec-Perceptech.jpg 1277w, https:\/\/margill.com\/wp-content\/uploads\/2020\/05\/Paiements-electroniques-avec-Perceptech-300x168.jpg 300w, https:\/\/margill.com\/wp-content\/uploads\/2020\/05\/Paiements-electroniques-avec-Perceptech-1030x578.jpg 1030w, https:\/\/margill.com\/wp-content\/uploads\/2020\/05\/Paiements-electroniques-avec-Perceptech-705x395.jpg 705w, https:\/\/margill.com\/wp-content\/uploads\/2020\/05\/Paiements-electroniques-avec-Perceptech-450x252.jpg 450w\" sizes=\"auto, (max-width: 1277px) 100vw, 1277px\" \/><\/figure>\n\n\n\n<h3 class=\"wp-block-heading has-medium-font-size\" style=\"font-style:normal;font-weight:400\">Paiements \u00e9lectroniques avec Perceptech (Version 5.x)<\/h3>\n<\/div>\n\n\n\n<div class=\"wp-block-group wp-container-content-9df8e368 has-global-padding is-layout-constrained wp-container-core-group-is-layout-3254e793 wp-block-group-is-layout-constrained\">\n<figure class=\"wp-block-image size-full is-resized\"><img loading=\"lazy\" decoding=\"async\" width=\"228\" height=\"123\" src=\"https:\/\/margill.com\/wp-content\/uploads\/2020\/02\/import-donnees-e1580757640603.jpg\" alt=\"\" class=\"wp-image-16999\" style=\"width:403px;height:auto\"\/><\/figure>\n\n\n\n<h3 class=\"wp-block-heading has-medium-font-size\" style=\"font-style:normal;font-weight:400\">Import de donn\u00e9es (Version 4.x)<\/h3>\n<\/div>\n\n\n\n<div class=\"wp-block-group wp-container-content-9df8e368 has-global-padding is-layout-constrained wp-container-core-group-is-layout-3254e793 wp-block-group-is-layout-constrained\">\n<figure class=\"wp-block-image size-full is-resized\"><img loading=\"lazy\" decoding=\"async\" width=\"480\" height=\"267\" src=\"https:\/\/margill.com\/wp-content\/uploads\/2025\/07\/rapports-2.jpg\" alt=\"\" class=\"wp-image-19784\" style=\"width:388px;height:auto\" srcset=\"https:\/\/margill.com\/wp-content\/uploads\/2025\/07\/rapports-2.jpg 480w, https:\/\/margill.com\/wp-content\/uploads\/2025\/07\/rapports-2-300x167.jpg 300w\" sizes=\"auto, (max-width: 480px) 100vw, 480px\" \/><\/figure>\n\n\n\n<h3 class=\"wp-block-heading has-medium-font-size\" style=\"font-style:normal;font-weight:400\">Rapports (Version 4.x)<\/h3>\n<\/div>\n\n\n\n<div class=\"wp-block-group wp-container-content-9df8e368 has-global-padding is-layout-constrained wp-container-core-group-is-layout-3254e793 wp-block-group-is-layout-constrained\">\n<figure class=\"wp-block-image size-full\"><img loading=\"lazy\" decoding=\"async\" width=\"480\" height=\"259\" src=\"https:\/\/margill.com\/wp-content\/uploads\/2025\/07\/les-grandes-lignes.jpg\" alt=\"\" class=\"wp-image-19788\" srcset=\"https:\/\/margill.com\/wp-content\/uploads\/2025\/07\/les-grandes-lignes.jpg 480w, https:\/\/margill.com\/wp-content\/uploads\/2025\/07\/les-grandes-lignes-300x162.jpg 300w\" sizes=\"auto, (max-width: 480px) 100vw, 480px\" \/><\/figure>\n\n\n\n<h3 class=\"wp-block-heading has-medium-font-size\" style=\"font-style:normal;font-weight:400\">Les grandes lignes (Version 4.x)<\/h3>\n<\/div>\n\n\n\n<div class=\"wp-block-group wp-container-content-9df8e368 has-global-padding is-layout-constrained wp-container-core-group-is-layout-3254e793 wp-block-group-is-layout-constrained\">\n<figure class=\"wp-block-image size-full\"><img loading=\"lazy\" decoding=\"async\" width=\"480\" height=\"261\" src=\"https:\/\/margill.com\/wp-content\/uploads\/2025\/07\/mise-en-route.jpg\" alt=\"\" class=\"wp-image-19790\" srcset=\"https:\/\/margill.com\/wp-content\/uploads\/2025\/07\/mise-en-route.jpg 480w, https:\/\/margill.com\/wp-content\/uploads\/2025\/07\/mise-en-route-300x163.jpg 300w\" sizes=\"auto, (max-width: 480px) 100vw, 480px\" \/><\/figure>\n\n\n\n<h3 class=\"wp-block-heading has-medium-font-size\" style=\"font-style:normal;font-weight:400\">Mise En Route (Version 4.x)<\/h3>\n<\/div>\n\n\n\n<div class=\"wp-block-group wp-container-content-9df8e368 has-global-padding is-layout-constrained wp-container-core-group-is-layout-3254e793 wp-block-group-is-layout-constrained\">\n<figure class=\"wp-block-image size-full\"><img loading=\"lazy\" decoding=\"async\" width=\"480\" height=\"267\" src=\"https:\/\/margill.com\/wp-content\/uploads\/2025\/07\/febetre-principale.jpg\" alt=\"\" class=\"wp-image-19792\" srcset=\"https:\/\/margill.com\/wp-content\/uploads\/2025\/07\/febetre-principale.jpg 480w, https:\/\/margill.com\/wp-content\/uploads\/2025\/07\/febetre-principale-300x167.jpg 300w\" sizes=\"auto, (max-width: 480px) 100vw, 480px\" \/><\/figure>\n\n\n\n<h3 class=\"wp-block-heading has-medium-font-size\" style=\"font-style:normal;font-weight:400\">Fen\u00eatre Principale (Version 4.x)<\/h3>\n<\/div>\n\n\n\n<div class=\"wp-block-group wp-container-content-9df8e368 has-global-padding is-layout-constrained wp-container-core-group-is-layout-3254e793 wp-block-group-is-layout-constrained\">\n<figure class=\"wp-block-image size-full\"><img loading=\"lazy\" decoding=\"async\" width=\"480\" height=\"267\" src=\"https:\/\/margill.com\/wp-content\/uploads\/2025\/07\/outils.jpg\" alt=\"\" class=\"wp-image-19796\" srcset=\"https:\/\/margill.com\/wp-content\/uploads\/2025\/07\/outils.jpg 480w, https:\/\/margill.com\/wp-content\/uploads\/2025\/07\/outils-300x167.jpg 300w\" sizes=\"auto, (max-width: 480px) 100vw, 480px\" \/><\/figure>\n\n\n\n<h3 class=\"wp-block-heading has-medium-font-size\" style=\"font-style:normal;font-weight:400\">Outils (Version 4.x)<\/h3>\n<\/div>\n<\/div>\n\n\n\n<p class=\"wp-block-paragraph\"><\/p>\n","protected":false},"excerpt":{"rendered":"<p>Gestionnaire de Pr\u00eats Margill Outil de Mise \u00e0 jour des paiements &#8211; (Version 5.x) Survol de la fen\u00eatre Principale et personnalisation (Version 5.x) Produire rapports avec Requ\u00eates avanc\u00e9es (Version 5.x) Exemple de pr\u00eat : programme Aide d&rsquo;urgence aux PME &#8211; D\u00e9taill\u00e9 (Version 5.x) Exemple de pr\u00eat : programme Aide d\u2019urgence aux PME \u2013 Les grandes [&hellip;]<\/p>\n","protected":false},"author":17,"featured_media":20201,"parent":0,"menu_order":0,"comment_status":"closed","ping_status":"closed","template":"no-title","meta":{"_crdt_document":"","footnotes":""},"class_list":["post-19757","page","type-page","status-publish","has-post-thumbnail","hentry"],"yoast_head":"<!-- This site is optimized with the Yoast SEO plugin v27.2 - https:\/\/yoast.com\/product\/yoast-seo-wordpress\/ -->\r\n<title>Guides vid\u00e9os - Margill<\/title>\r\n<meta name=\"robots\" content=\"index, follow, max-snippet:-1, max-image-preview:large, max-video-preview:-1\" \/>\r\n<link rel=\"canonical\" href=\"https:\/\/margill.com\/fr\/videos-guide\/\" \/>\r\n<meta property=\"og:locale\" content=\"fr_FR\" \/>\r\n<meta property=\"og:type\" content=\"article\" \/>\r\n<meta property=\"og:title\" content=\"Guides vid\u00e9os - Margill\" \/>\r\n<meta property=\"og:description\" content=\"Gestionnaire de Pr\u00eats Margill Outil de Mise \u00e0 jour des paiements &#8211; (Version 5.x) Survol de la fen\u00eatre Principale et personnalisation (Version 5.x) Produire rapports avec Requ\u00eates avanc\u00e9es (Version 5.x) Exemple de pr\u00eat : programme Aide d&rsquo;urgence aux PME &#8211; D\u00e9taill\u00e9 (Version 5.x) Exemple de pr\u00eat : programme Aide d\u2019urgence aux PME \u2013 Les grandes [&hellip;]\" \/>\r\n<meta property=\"og:url\" content=\"https:\/\/margill.com\/fr\/videos-guide\/\" \/>\r\n<meta property=\"og:site_name\" content=\"Margill\" \/>\r\n<meta property=\"article:modified_time\" content=\"2025-07-29T19:27:39+00:00\" \/>\r\n<meta property=\"og:image\" content=\"https:\/\/margill.com\/wp-content\/uploads\/2025\/07\/video-featured-image-2.webp\" \/>\r\n\t<meta property=\"og:image:width\" content=\"1267\" \/>\r\n\t<meta property=\"og:image:height\" content=\"711\" \/>\r\n\t<meta property=\"og:image:type\" content=\"image\/webp\" \/>\r\n<meta name=\"twitter:card\" content=\"summary_large_image\" \/>\r\n<meta name=\"twitter:label1\" content=\"Dur\u00e9e de lecture estim\u00e9e\" \/>\n\t<meta name=\"twitter:data1\" content=\"4 minutes\" \/>\r\n<script type=\"application\/ld+json\" class=\"yoast-schema-graph\">{\"@context\":\"https:\/\/schema.org\",\"@graph\":[{\"@type\":\"WebPage\",\"@id\":\"https:\/\/margill.com\/fr\/videos-guide\/\",\"url\":\"https:\/\/margill.com\/fr\/videos-guide\/\",\"name\":\"Guides vid\u00e9os - Margill\",\"isPartOf\":{\"@id\":\"https:\/\/margill.com\/fr\/#website\"},\"primaryImageOfPage\":{\"@id\":\"https:\/\/margill.com\/fr\/videos-guide\/#primaryimage\"},\"image\":{\"@id\":\"https:\/\/margill.com\/fr\/videos-guide\/#primaryimage\"},\"thumbnailUrl\":\"https:\/\/margill.com\/wp-content\/uploads\/2025\/07\/video-featured-image-2.webp\",\"datePublished\":\"2025-03-31T18:48:42+00:00\",\"dateModified\":\"2025-07-29T19:27:39+00:00\",\"breadcrumb\":{\"@id\":\"https:\/\/margill.com\/fr\/videos-guide\/#breadcrumb\"},\"inLanguage\":\"fr-FR\",\"potentialAction\":[{\"@type\":\"ReadAction\",\"target\":[\"https:\/\/margill.com\/fr\/videos-guide\/\"]}]},{\"@type\":\"ImageObject\",\"inLanguage\":\"fr-FR\",\"@id\":\"https:\/\/margill.com\/fr\/videos-guide\/#primaryimage\",\"url\":\"https:\/\/margill.com\/wp-content\/uploads\/2025\/07\/video-featured-image-2.webp\",\"contentUrl\":\"https:\/\/margill.com\/wp-content\/uploads\/2025\/07\/video-featured-image-2.webp\",\"width\":1267,\"height\":711},{\"@type\":\"BreadcrumbList\",\"@id\":\"https:\/\/margill.com\/fr\/videos-guide\/#breadcrumb\",\"itemListElement\":[{\"@type\":\"ListItem\",\"position\":1,\"name\":\"Home\",\"item\":\"https:\/\/margill.com\/fr\/\"},{\"@type\":\"ListItem\",\"position\":2,\"name\":\"Guides vid\u00e9os\"}]},{\"@type\":\"WebSite\",\"@id\":\"https:\/\/margill.com\/fr\/#website\",\"url\":\"https:\/\/margill.com\/fr\/\",\"name\":\"Margill\",\"description\":\"Loan Servicing Solutions \/ Interest Calculators\",\"potentialAction\":[{\"@type\":\"SearchAction\",\"target\":{\"@type\":\"EntryPoint\",\"urlTemplate\":\"https:\/\/margill.com\/fr\/?s={search_term_string}\"},\"query-input\":{\"@type\":\"PropertyValueSpecification\",\"valueRequired\":true,\"valueName\":\"search_term_string\"}}],\"inLanguage\":\"fr-FR\"}]}<\/script>\r\n<!-- \/ Yoast SEO plugin. -->","yoast_head_json":{"title":"Guides vid\u00e9os - Margill","robots":{"index":"index","follow":"follow","max-snippet":"max-snippet:-1","max-image-preview":"max-image-preview:large","max-video-preview":"max-video-preview:-1"},"canonical":"https:\/\/margill.com\/fr\/videos-guide\/","og_locale":"fr_FR","og_type":"article","og_title":"Guides vid\u00e9os - Margill","og_description":"Gestionnaire de Pr\u00eats Margill Outil de Mise \u00e0 jour des paiements &#8211; (Version 5.x) Survol de la fen\u00eatre Principale et personnalisation (Version 5.x) Produire rapports avec Requ\u00eates avanc\u00e9es (Version 5.x) Exemple de pr\u00eat : programme Aide d&rsquo;urgence aux PME &#8211; D\u00e9taill\u00e9 (Version 5.x) Exemple de pr\u00eat : programme Aide d\u2019urgence aux PME \u2013 Les grandes [&hellip;]","og_url":"https:\/\/margill.com\/fr\/videos-guide\/","og_site_name":"Margill","article_modified_time":"2025-07-29T19:27:39+00:00","og_image":[{"width":1267,"height":711,"url":"https:\/\/margill.com\/wp-content\/uploads\/2025\/07\/video-featured-image-2.webp","type":"image\/webp"}],"twitter_card":"summary_large_image","twitter_misc":{"Dur\u00e9e de lecture estim\u00e9e":"4 minutes"},"schema":{"@context":"https:\/\/schema.org","@graph":[{"@type":"WebPage","@id":"https:\/\/margill.com\/fr\/videos-guide\/","url":"https:\/\/margill.com\/fr\/videos-guide\/","name":"Guides vid\u00e9os - Margill","isPartOf":{"@id":"https:\/\/margill.com\/fr\/#website"},"primaryImageOfPage":{"@id":"https:\/\/margill.com\/fr\/videos-guide\/#primaryimage"},"image":{"@id":"https:\/\/margill.com\/fr\/videos-guide\/#primaryimage"},"thumbnailUrl":"https:\/\/margill.com\/wp-content\/uploads\/2025\/07\/video-featured-image-2.webp","datePublished":"2025-03-31T18:48:42+00:00","dateModified":"2025-07-29T19:27:39+00:00","breadcrumb":{"@id":"https:\/\/margill.com\/fr\/videos-guide\/#breadcrumb"},"inLanguage":"fr-FR","potentialAction":[{"@type":"ReadAction","target":["https:\/\/margill.com\/fr\/videos-guide\/"]}]},{"@type":"ImageObject","inLanguage":"fr-FR","@id":"https:\/\/margill.com\/fr\/videos-guide\/#primaryimage","url":"https:\/\/margill.com\/wp-content\/uploads\/2025\/07\/video-featured-image-2.webp","contentUrl":"https:\/\/margill.com\/wp-content\/uploads\/2025\/07\/video-featured-image-2.webp","width":1267,"height":711},{"@type":"BreadcrumbList","@id":"https:\/\/margill.com\/fr\/videos-guide\/#breadcrumb","itemListElement":[{"@type":"ListItem","position":1,"name":"Home","item":"https:\/\/margill.com\/fr\/"},{"@type":"ListItem","position":2,"name":"Guides vid\u00e9os"}]},{"@type":"WebSite","@id":"https:\/\/margill.com\/fr\/#website","url":"https:\/\/margill.com\/fr\/","name":"Margill","description":"Loan Servicing Solutions \/ Interest Calculators","potentialAction":[{"@type":"SearchAction","target":{"@type":"EntryPoint","urlTemplate":"https:\/\/margill.com\/fr\/?s={search_term_string}"},"query-input":{"@type":"PropertyValueSpecification","valueRequired":true,"valueName":"search_term_string"}}],"inLanguage":"fr-FR"}]}},"_links":{"self":[{"href":"https:\/\/margill.com\/fr\/wp-json\/wp\/v2\/pages\/19757","targetHints":{"allow":["GET"]}}],"collection":[{"href":"https:\/\/margill.com\/fr\/wp-json\/wp\/v2\/pages"}],"about":[{"href":"https:\/\/margill.com\/fr\/wp-json\/wp\/v2\/types\/page"}],"author":[{"embeddable":true,"href":"https:\/\/margill.com\/fr\/wp-json\/wp\/v2\/users\/17"}],"replies":[{"embeddable":true,"href":"https:\/\/margill.com\/fr\/wp-json\/wp\/v2\/comments?post=19757"}],"version-history":[{"count":26,"href":"https:\/\/margill.com\/fr\/wp-json\/wp\/v2\/pages\/19757\/revisions"}],"predecessor-version":[{"id":20205,"href":"https:\/\/margill.com\/fr\/wp-json\/wp\/v2\/pages\/19757\/revisions\/20205"}],"wp:featuredmedia":[{"embeddable":true,"href":"https:\/\/margill.com\/fr\/wp-json\/wp\/v2\/media\/20201"}],"wp:attachment":[{"href":"https:\/\/margill.com\/fr\/wp-json\/wp\/v2\/media?parent=19757"}],"curies":[{"name":"wp","href":"https:\/\/api.w.org\/{rel}","templated":true}]}}