{"id":19753,"date":"2025-03-28T17:35:31","date_gmt":"2025-03-28T21:35:31","guid":{"rendered":"https:\/\/margill.com\/support\/training\/"},"modified":"2025-12-02T15:43:57","modified_gmt":"2025-12-02T20:43:57","slug":"formation","status":"publish","type":"page","link":"https:\/\/margill.com\/fr\/support\/formation\/","title":{"rendered":"Formation aux logiciels Margill"},"content":{"rendered":"\n<div class=\"wp-block-group alignfull has-global-padding is-layout-constrained wp-block-group-is-layout-constrained\" id=\"hero-image-text-page\">\n<div class=\"wp-block-columns alignwide is-layout-flex wp-container-core-columns-is-layout-d6252c37 wp-block-columns-is-layout-flex\">\n<div class=\"wp-block-column is-layout-flow wp-block-column-is-layout-flow\" style=\"flex-basis:50%\"><figure style=\"aspect-ratio:16\/9;\" class=\"is-style-rounded-corners-small wp-block-post-featured-image wp-container-content-9b0c1c04\"><img loading=\"lazy\" decoding=\"async\" width=\"1200\" height=\"800\" src=\"https:\/\/margill.com\/wp-content\/uploads\/2025\/03\/headway-5QgIuuBxKwM-unsplash.jpg\" class=\"attachment-post-thumbnail size-post-thumbnail wp-post-image\" alt=\"\" style=\"width:100%;height:100%;object-fit:cover;\" srcset=\"https:\/\/margill.com\/wp-content\/uploads\/2025\/03\/headway-5QgIuuBxKwM-unsplash.jpg 1200w, https:\/\/margill.com\/wp-content\/uploads\/2025\/03\/headway-5QgIuuBxKwM-unsplash-300x200.jpg 300w, https:\/\/margill.com\/wp-content\/uploads\/2025\/03\/headway-5QgIuuBxKwM-unsplash-1030x687.jpg 1030w\" sizes=\"auto, (max-width: 1200px) 100vw, 1200px\" \/><\/figure><\/div>\n\n\n\n<div class=\"wp-block-column is-vertically-aligned-center is-layout-flow wp-block-column-is-layout-flow\" style=\"flex-basis:50%\">\n<div class=\"wp-block-group block-titre wp-container-content-9b0c1c04 is-vertical is-content-justification-left is-layout-flex wp-container-core-group-is-layout-dca2df2a wp-block-group-is-layout-flex\">\n<div class=\"wp-block-group is-style-rounded-corners-small has-white-color has-secondary-background-color has-text-color has-background has-link-color wp-elements-08366dcf78405dccef84d7b87e299a9a wp-container-content-164459c7 has-global-padding is-content-justification-left is-layout-constrained wp-container-core-group-is-layout-38e99003 wp-block-group-is-layout-constrained\" style=\"padding-top:2em;padding-right:5em;padding-bottom:2em;padding-left:3em\"><h1 style=\"font-style:normal;font-weight:400;line-height:1;\" class=\"wp-block-post-title has-xx-large-font-size has-aileron-font-family\">Formation aux logiciels Margill<\/h1><\/div>\n<\/div>\n<\/div>\n<\/div>\n<\/div>\n\n\n\n<div class=\"wp-block-group alignfull has-global-padding is-layout-constrained wp-block-group-is-layout-constrained\">\n<div class=\"wp-block-group is-style-rounded-corners-small has-grey-1-background-color has-background is-layout-flow wp-container-core-group-is-layout-3068df3d wp-block-group-is-layout-flow\" style=\"padding-top:2em;padding-right:2em;padding-bottom:2em;padding-left:2em\">\n<h3 class=\"wp-block-heading\" style=\"font-size:clamp(1.25em, 1.25rem + ((1vw - 0.2em) * 1.071), 2em);font-style:normal;font-weight:500;line-height:1.1\">La formation est la cl\u00e9 pour bien utiliser les logiciels Margill<\/h3>\n\n\n\n<p class=\"has-medium-large-font-size wp-block-paragraph\">L\u2019\u00e9quipe Margill offre un service d\u2019assistance pour l\u2019installation et l\u2019importation de donn\u00e9es, des conseils strat\u00e9giques ainsi que des s\u00e9ances de formation afin de vous aider \u00e0 implanter et \u00e0 utiliser les logiciels efficacement :<\/p>\n<\/div>\n\n\n\n<div class=\"wp-block-group has-global-padding is-layout-constrained wp-container-core-group-is-layout-79e48184 wp-block-group-is-layout-constrained\">\n<div class=\"wp-block-group is-layout-flow wp-block-group-is-layout-flow\"><div class=\"wp-block-group is-style-default is-layout-flow wp-block-group-is-layout-flow\" style=\"border-bottom-color:var(--wp--preset--color--secondary);border-bottom-width:1px;padding-bottom:10px;max-width:50%\"><h2 clasname=\"wp-block-heading has-secondary-color has-text-color has-link-color has-medium-large-font-size\" style=\"font-style:normal;font-weight:400;font-size:var(--wp--preset--font-size--medium-large);color:var(--wp--preset--color--secondary)\" class=\"wp-block-margill-titre-souligne\">1- \u00c0 distance<\/h2><\/div><\/div>\n\n\n\n<p class=\"wp-block-paragraph\">Nous nous connectons \u00e0 votre ordinateur, \u00e9tudions votre mode de travail, effectuons des correctifs et des am\u00e9liorations et nous vous formons pour pleinement tirer profit de l\u2019immense capacit\u00e9 qu\u2019offrent les logiciels Margill.<\/p>\n\n\n\n<p class=\"wp-block-paragraph\">Vous pouvez acqu\u00e9rir un nombre d\u2019heures de formation que vous utilisez au besoin.<\/p>\n\n\n\n<div class=\"wp-block-group is-layout-flow wp-block-group-is-layout-flow\"><div class=\"wp-block-group is-style-default is-layout-flow wp-block-group-is-layout-flow\" style=\"border-bottom-color:var(--wp--preset--color--secondary);border-bottom-width:1px;padding-bottom:10px;max-width:50%\"><h2 clasname=\"wp-block-heading has-secondary-color has-text-color has-link-color has-medium-large-font-size\" style=\"font-style:normal;font-weight:400;font-size:var(--wp--preset--font-size--medium-large);color:var(--wp--preset--color--secondary)\" class=\"wp-block-margill-titre-souligne\">2- \u00c0 vos bureaux<\/h2><\/div><\/div>\n\n\n\n<p class=\"wp-block-paragraph\">Un membre de notre \u00e9quipe peut se rendre \u00e0 vos bureaux pour une implantation personnalis\u00e9e, une analyse strat\u00e9gique et une formation pratique adapt\u00e9e \u00e0 vos besoins. Nous recommandons une formation en personne \u00e0 vos bureaux une fois le Gestionnaire de Pr\u00eats Margill bien implant\u00e9 dans votre environnement.<\/p>\n\n\n\n<p class=\"wp-block-paragraph\"><a href=\"https:\/\/margill.com\/fr\/support\/nous-joindre\/\">Communiquez avec nous<\/a>\u00a0pour de plus amples renseignements.<\/p>\n<\/div>\n<\/div>\n\n\n\n<p class=\"wp-block-paragraph\"><\/p>\n","protected":false},"excerpt":{"rendered":"<p>La formation est la cl\u00e9 pour bien utiliser les logiciels Margill L\u2019\u00e9quipe Margill offre un service d\u2019assistance pour l\u2019installation et l\u2019importation de donn\u00e9es, des conseils strat\u00e9giques ainsi que des s\u00e9ances de formation afin de vous aider \u00e0 implanter et \u00e0 utiliser les logiciels efficacement : Nous nous connectons \u00e0 votre ordinateur, \u00e9tudions votre mode de [&hellip;]<\/p>\n","protected":false},"author":17,"featured_media":18807,"parent":19715,"menu_order":0,"comment_status":"closed","ping_status":"closed","template":"no-title","meta":{"_crdt_document":"","footnotes":""},"class_list":["post-19753","page","type-page","status-publish","has-post-thumbnail","hentry"],"yoast_head":"<!-- This site is optimized with the Yoast SEO plugin v27.2 - https:\/\/yoast.com\/product\/yoast-seo-wordpress\/ -->\r\n<title>Formation aux logiciels Margill | Sessions et accompagnement<\/title>\r\n<meta name=\"description\" content=\"Formations personnalis\u00e9es pour ma\u00eetriser les logiciels Margill \u00e0 distance ou \u00e0 vos bureaux. Configuration, calculs, rapports et optimisation des processus.\" \/>\r\n<meta name=\"robots\" content=\"index, follow, max-snippet:-1, max-image-preview:large, max-video-preview:-1\" \/>\r\n<link rel=\"canonical\" href=\"https:\/\/margill.com\/fr\/support\/formation\/\" \/>\r\n<meta property=\"og:locale\" content=\"fr_FR\" \/>\r\n<meta property=\"og:type\" content=\"article\" \/>\r\n<meta property=\"og:title\" content=\"Formation aux logiciels Margill | Sessions et accompagnement\" \/>\r\n<meta property=\"og:description\" content=\"Formations personnalis\u00e9es pour ma\u00eetriser les logiciels Margill \u00e0 distance ou \u00e0 vos bureaux. Configuration, calculs, rapports et optimisation des processus.\" \/>\r\n<meta property=\"og:url\" content=\"https:\/\/margill.com\/fr\/support\/formation\/\" \/>\r\n<meta property=\"og:site_name\" content=\"Margill\" \/>\r\n<meta property=\"article:modified_time\" content=\"2025-12-02T20:43:57+00:00\" \/>\r\n<meta property=\"og:image\" content=\"https:\/\/margill.com\/wp-content\/uploads\/2025\/03\/headway-5QgIuuBxKwM-unsplash.jpg\" \/>\r\n\t<meta property=\"og:image:width\" content=\"1200\" \/>\r\n\t<meta property=\"og:image:height\" content=\"800\" \/>\r\n\t<meta property=\"og:image:type\" content=\"image\/jpeg\" \/>\r\n<meta name=\"twitter:card\" content=\"summary_large_image\" \/>\r\n<meta name=\"twitter:label1\" content=\"Dur\u00e9e de lecture estim\u00e9e\" \/>\n\t<meta name=\"twitter:data1\" content=\"1 minute\" \/>\r\n<script type=\"application\/ld+json\" class=\"yoast-schema-graph\">{\"@context\":\"https:\/\/schema.org\",\"@graph\":[{\"@type\":\"WebPage\",\"@id\":\"https:\/\/margill.com\/fr\/support\/formation\/\",\"url\":\"https:\/\/margill.com\/fr\/support\/formation\/\",\"name\":\"Formation aux logiciels Margill | Sessions et accompagnement\",\"isPartOf\":{\"@id\":\"https:\/\/margill.com\/fr\/#website\"},\"primaryImageOfPage\":{\"@id\":\"https:\/\/margill.com\/fr\/support\/formation\/#primaryimage\"},\"image\":{\"@id\":\"https:\/\/margill.com\/fr\/support\/formation\/#primaryimage\"},\"thumbnailUrl\":\"https:\/\/margill.com\/wp-content\/uploads\/2025\/03\/headway-5QgIuuBxKwM-unsplash.jpg\",\"datePublished\":\"2025-03-28T21:35:31+00:00\",\"dateModified\":\"2025-12-02T20:43:57+00:00\",\"description\":\"Formations personnalis\u00e9es pour ma\u00eetriser les logiciels Margill \u00e0 distance ou \u00e0 vos bureaux. Configuration, calculs, rapports et optimisation des processus.\",\"breadcrumb\":{\"@id\":\"https:\/\/margill.com\/fr\/support\/formation\/#breadcrumb\"},\"inLanguage\":\"fr-FR\",\"potentialAction\":[{\"@type\":\"ReadAction\",\"target\":[\"https:\/\/margill.com\/fr\/support\/formation\/\"]}]},{\"@type\":\"ImageObject\",\"inLanguage\":\"fr-FR\",\"@id\":\"https:\/\/margill.com\/fr\/support\/formation\/#primaryimage\",\"url\":\"https:\/\/margill.com\/wp-content\/uploads\/2025\/03\/headway-5QgIuuBxKwM-unsplash.jpg\",\"contentUrl\":\"https:\/\/margill.com\/wp-content\/uploads\/2025\/03\/headway-5QgIuuBxKwM-unsplash.jpg\",\"width\":1200,\"height\":800},{\"@type\":\"BreadcrumbList\",\"@id\":\"https:\/\/margill.com\/fr\/support\/formation\/#breadcrumb\",\"itemListElement\":[{\"@type\":\"ListItem\",\"position\":1,\"name\":\"Home\",\"item\":\"https:\/\/margill.com\/fr\/\"},{\"@type\":\"ListItem\",\"position\":2,\"name\":\"Soutien\",\"item\":\"https:\/\/margill.com\/fr\/support\/\"},{\"@type\":\"ListItem\",\"position\":3,\"name\":\"Formation aux logiciels Margill\"}]},{\"@type\":\"WebSite\",\"@id\":\"https:\/\/margill.com\/fr\/#website\",\"url\":\"https:\/\/margill.com\/fr\/\",\"name\":\"Margill\",\"description\":\"Loan Servicing Solutions \/ Interest Calculators\",\"potentialAction\":[{\"@type\":\"SearchAction\",\"target\":{\"@type\":\"EntryPoint\",\"urlTemplate\":\"https:\/\/margill.com\/fr\/?s={search_term_string}\"},\"query-input\":{\"@type\":\"PropertyValueSpecification\",\"valueRequired\":true,\"valueName\":\"search_term_string\"}}],\"inLanguage\":\"fr-FR\"}]}<\/script>\r\n<!-- \/ Yoast SEO plugin. -->","yoast_head_json":{"title":"Formation aux logiciels Margill | Sessions et accompagnement","description":"Formations personnalis\u00e9es pour ma\u00eetriser les logiciels Margill \u00e0 distance ou \u00e0 vos bureaux. Configuration, calculs, rapports et optimisation des processus.","robots":{"index":"index","follow":"follow","max-snippet":"max-snippet:-1","max-image-preview":"max-image-preview:large","max-video-preview":"max-video-preview:-1"},"canonical":"https:\/\/margill.com\/fr\/support\/formation\/","og_locale":"fr_FR","og_type":"article","og_title":"Formation aux logiciels Margill | Sessions et accompagnement","og_description":"Formations personnalis\u00e9es pour ma\u00eetriser les logiciels Margill \u00e0 distance ou \u00e0 vos bureaux. Configuration, calculs, rapports et optimisation des processus.","og_url":"https:\/\/margill.com\/fr\/support\/formation\/","og_site_name":"Margill","article_modified_time":"2025-12-02T20:43:57+00:00","og_image":[{"width":1200,"height":800,"url":"https:\/\/margill.com\/wp-content\/uploads\/2025\/03\/headway-5QgIuuBxKwM-unsplash.jpg","type":"image\/jpeg"}],"twitter_card":"summary_large_image","twitter_misc":{"Dur\u00e9e de lecture estim\u00e9e":"1 minute"},"schema":{"@context":"https:\/\/schema.org","@graph":[{"@type":"WebPage","@id":"https:\/\/margill.com\/fr\/support\/formation\/","url":"https:\/\/margill.com\/fr\/support\/formation\/","name":"Formation aux logiciels Margill | Sessions et accompagnement","isPartOf":{"@id":"https:\/\/margill.com\/fr\/#website"},"primaryImageOfPage":{"@id":"https:\/\/margill.com\/fr\/support\/formation\/#primaryimage"},"image":{"@id":"https:\/\/margill.com\/fr\/support\/formation\/#primaryimage"},"thumbnailUrl":"https:\/\/margill.com\/wp-content\/uploads\/2025\/03\/headway-5QgIuuBxKwM-unsplash.jpg","datePublished":"2025-03-28T21:35:31+00:00","dateModified":"2025-12-02T20:43:57+00:00","description":"Formations personnalis\u00e9es pour ma\u00eetriser les logiciels Margill \u00e0 distance ou \u00e0 vos bureaux. Configuration, calculs, rapports et optimisation des processus.","breadcrumb":{"@id":"https:\/\/margill.com\/fr\/support\/formation\/#breadcrumb"},"inLanguage":"fr-FR","potentialAction":[{"@type":"ReadAction","target":["https:\/\/margill.com\/fr\/support\/formation\/"]}]},{"@type":"ImageObject","inLanguage":"fr-FR","@id":"https:\/\/margill.com\/fr\/support\/formation\/#primaryimage","url":"https:\/\/margill.com\/wp-content\/uploads\/2025\/03\/headway-5QgIuuBxKwM-unsplash.jpg","contentUrl":"https:\/\/margill.com\/wp-content\/uploads\/2025\/03\/headway-5QgIuuBxKwM-unsplash.jpg","width":1200,"height":800},{"@type":"BreadcrumbList","@id":"https:\/\/margill.com\/fr\/support\/formation\/#breadcrumb","itemListElement":[{"@type":"ListItem","position":1,"name":"Home","item":"https:\/\/margill.com\/fr\/"},{"@type":"ListItem","position":2,"name":"Soutien","item":"https:\/\/margill.com\/fr\/support\/"},{"@type":"ListItem","position":3,"name":"Formation aux logiciels Margill"}]},{"@type":"WebSite","@id":"https:\/\/margill.com\/fr\/#website","url":"https:\/\/margill.com\/fr\/","name":"Margill","description":"Loan Servicing Solutions \/ Interest Calculators","potentialAction":[{"@type":"SearchAction","target":{"@type":"EntryPoint","urlTemplate":"https:\/\/margill.com\/fr\/?s={search_term_string}"},"query-input":{"@type":"PropertyValueSpecification","valueRequired":true,"valueName":"search_term_string"}}],"inLanguage":"fr-FR"}]}},"_links":{"self":[{"href":"https:\/\/margill.com\/fr\/wp-json\/wp\/v2\/pages\/19753","targetHints":{"allow":["GET"]}}],"collection":[{"href":"https:\/\/margill.com\/fr\/wp-json\/wp\/v2\/pages"}],"about":[{"href":"https:\/\/margill.com\/fr\/wp-json\/wp\/v2\/types\/page"}],"author":[{"embeddable":true,"href":"https:\/\/margill.com\/fr\/wp-json\/wp\/v2\/users\/17"}],"replies":[{"embeddable":true,"href":"https:\/\/margill.com\/fr\/wp-json\/wp\/v2\/comments?post=19753"}],"version-history":[{"count":8,"href":"https:\/\/margill.com\/fr\/wp-json\/wp\/v2\/pages\/19753\/revisions"}],"predecessor-version":[{"id":21329,"href":"https:\/\/margill.com\/fr\/wp-json\/wp\/v2\/pages\/19753\/revisions\/21329"}],"up":[{"embeddable":true,"href":"https:\/\/margill.com\/fr\/wp-json\/wp\/v2\/pages\/19715"}],"wp:featuredmedia":[{"embeddable":true,"href":"https:\/\/margill.com\/fr\/wp-json\/wp\/v2\/media\/18807"}],"wp:attachment":[{"href":"https:\/\/margill.com\/fr\/wp-json\/wp\/v2\/media?parent=19753"}],"curies":[{"name":"wp","href":"https:\/\/api.w.org\/{rel}","templated":true}]}}