{"id":19744,"date":"2025-03-28T11:49:20","date_gmt":"2025-03-28T15:49:20","guid":{"rendered":"https:\/\/margill.com\/support\/tickets-supports\/"},"modified":"2025-12-03T09:55:32","modified_gmt":"2025-12-03T14:55:32","slug":"soutien","status":"publish","type":"page","link":"https:\/\/margill.com\/fr\/support\/soutien\/","title":{"rendered":"Demande de soutien"},"content":{"rendered":"\n<div class=\"wp-block-group alignfull has-global-padding is-layout-constrained wp-block-group-is-layout-constrained\" id=\"hero-image-text-page\">\n<div class=\"wp-block-columns alignwide is-layout-flex wp-container-core-columns-is-layout-d6252c37 wp-block-columns-is-layout-flex\">\n<div class=\"wp-block-column is-layout-flow wp-block-column-is-layout-flow\" style=\"flex-basis:50%\"><figure style=\"aspect-ratio:16\/9;\" class=\"is-style-rounded-corners-small wp-block-post-featured-image wp-container-content-9b0c1c04\"><img loading=\"lazy\" decoding=\"async\" width=\"3200\" height=\"1348\" src=\"https:\/\/margill.com\/wp-content\/uploads\/2015\/12\/support.jpg\" class=\"attachment-post-thumbnail size-post-thumbnail wp-post-image\" alt=\"\" style=\"width:100%;height:100%;object-fit:cover;\" srcset=\"https:\/\/margill.com\/wp-content\/uploads\/2015\/12\/support.jpg 3200w, https:\/\/margill.com\/wp-content\/uploads\/2015\/12\/support-300x126.jpg 300w, https:\/\/margill.com\/wp-content\/uploads\/2015\/12\/support-1800x758.jpg 1800w, https:\/\/margill.com\/wp-content\/uploads\/2015\/12\/support-1500x632.jpg 1500w, https:\/\/margill.com\/wp-content\/uploads\/2015\/12\/support-705x297.jpg 705w, https:\/\/margill.com\/wp-content\/uploads\/2015\/12\/support-450x190.jpg 450w\" sizes=\"auto, (max-width: 3200px) 100vw, 3200px\" \/><\/figure><\/div>\n\n\n\n<div class=\"wp-block-column is-vertically-aligned-center is-layout-flow wp-block-column-is-layout-flow\" style=\"flex-basis:50%\">\n<div class=\"wp-block-group block-titre wp-container-content-9b0c1c04 is-vertical is-content-justification-left is-layout-flex wp-container-core-group-is-layout-dca2df2a wp-block-group-is-layout-flex\">\n<div class=\"wp-block-group is-style-rounded-corners-small has-white-color has-primary-background-color has-text-color has-background has-link-color wp-elements-ea713f9c70415ddfd01366e59d32306b wp-container-content-164459c7 has-global-padding is-content-justification-left is-layout-constrained wp-container-core-group-is-layout-38e99003 wp-block-group-is-layout-constrained\" style=\"padding-top:2em;padding-right:5em;padding-bottom:2em;padding-left:3em\"><h1 style=\"font-style:normal;font-weight:500;line-height:0.9;\" class=\"has-link-color wp-elements-e976c15ad2255254449f9399cb462f16 wp-block-post-title has-text-color has-dark-grey-color has-xx-large-font-size has-aileron-font-family\">Demande de soutien<\/h1>\n\n\n<p class=\"has-medium-font-size wp-block-paragraph\" style=\"line-height:1.1\">Veuillez remplir le formulaire ci-dessous ou envoyer un e-mail \u00e0 <a href=\"mailto:soutien@margill.com\">soutien@margill.com<\/a><\/p>\n<\/div>\n<\/div>\n<\/div>\n<\/div>\n<\/div>\n\n\n\n<div class=\"wp-block-group is-style-rounded-corners-small has-blanc-casse-background-color has-background has-global-padding is-layout-constrained wp-container-core-group-is-layout-88516677 wp-block-group-is-layout-constrained\" style=\"padding-top:2em;padding-right:2em;padding-bottom:2em;padding-left:2em\">\n<h2 class=\"wp-block-heading has-dark-grey-color has-text-color has-link-color wp-elements-96f4da09a6e5e211e09f7df7febcabfa\" style=\"font-size:clamp(1.25em, 1.25rem + ((1vw - 0.2em) * 1.071), 2em);font-style:normal;font-weight:400\">Demande de soutien<\/h2>\n\n\n<div class=\"wpforms-container wpforms-container-full margill is-container wpforms-block wpforms-block-44c2a2d5-06a7-4968-a64a-63667127efb8\" id=\"wpforms-5156\"><form id=\"wpforms-form-5156\" class=\"wpforms-validate wpforms-form\" data-formid=\"5156\" method=\"post\" enctype=\"multipart\/form-data\" action=\"\/fr\/wp-json\/wp\/v2\/pages\/19744\" data-token=\"2db5efc76ae19f2fbe576773e40680f6\" data-token-time=\"1775420397\"><noscript class=\"wpforms-error-noscript\">Veuillez activer JavaScript dans votre navigateur pour remplir ce formulaire.<\/noscript><div class=\"wpforms-field-container\"><div id=\"wpforms-5156-field_0-container\" class=\"wpforms-field wpforms-field-name\" data-field-id=\"0\"><label class=\"wpforms-field-label\" for=\"wpforms-5156-field_0\">Nom <span class=\"wpforms-required-label\">*<\/span><\/label><input type=\"text\" id=\"wpforms-5156-field_0\" class=\"wpforms-field-medium wpforms-field-required\" name=\"wpforms[fields][0]\" required><\/div><div id=\"wpforms-5156-field_1-container\" class=\"wpforms-field wpforms-field-email\" data-field-id=\"1\"><label class=\"wpforms-field-label\" for=\"wpforms-5156-field_1\">Courriel <span class=\"wpforms-required-label\">*<\/span><\/label><input type=\"email\" id=\"wpforms-5156-field_1\" class=\"wpforms-field-medium wpforms-field-required\" name=\"wpforms[fields][1]\" spellcheck=\"false\" required><\/div><div id=\"wpforms-5156-field_5-container\" class=\"wpforms-field wpforms-field-select wpforms-field-select-style-classic\" data-field-id=\"5\"><label class=\"wpforms-field-label\" for=\"wpforms-5156-field_5\">Produit <span class=\"wpforms-required-label\">*<\/span><\/label><select id=\"wpforms-5156-field_5\" class=\"wpforms-field-medium wpforms-field-required\" name=\"wpforms[fields][5]\" required=\"required\"><option value=\"S\u00e9lectionnez une option\"  selected='selected' class=\"choice-1 depth-1\"  >S\u00e9lectionnez une option<\/option><option value=\"Gestionnaire de Pr\u00eats Margill\"  class=\"choice-2 depth-1\"  >Gestionnaire de Pr\u00eats Margill<\/option><option value=\"Margill \u00c9dition Droit\"  class=\"choice-3 depth-1\"  >Margill \u00c9dition Droit<\/option><option value=\"Margill \u00c9dition Standard\"  class=\"choice-4 depth-1\"  >Margill \u00c9dition Standard<\/option><\/select><\/div><div id=\"wpforms-5156-field_6-container\" class=\"wpforms-field wpforms-field-select wpforms-field-select-style-classic\" data-field-id=\"6\"><label class=\"wpforms-field-label\" for=\"wpforms-5156-field_6\">D\u00e9partement <span class=\"wpforms-required-label\">*<\/span><\/label><select id=\"wpforms-5156-field_6\" class=\"wpforms-field-medium wpforms-field-required\" name=\"wpforms[fields][6]\" required=\"required\"><option value=\"S\u00e9lectionnez une option\"  selected='selected' class=\"choice-1 depth-1\"  >S\u00e9lectionnez une option<\/option><option value=\"Facturation\"  class=\"choice-2 depth-1\"  >Facturation<\/option><option value=\"Technique\"  class=\"choice-3 depth-1\"  >Technique<\/option><option value=\"D\u00e9mo\"  class=\"choice-4 depth-1\"  >D\u00e9mo<\/option><option value=\"Comment faire\"  class=\"choice-5 depth-1\"  >Comment faire<\/option><\/select><\/div><div id=\"wpforms-5156-field_2-container\" class=\"wpforms-field wpforms-field-textarea\" data-field-id=\"2\"><label class=\"wpforms-field-label\" for=\"wpforms-5156-field_2\">Message <span class=\"wpforms-required-label\">*<\/span><\/label><textarea id=\"wpforms-5156-field_2\" class=\"wpforms-field-medium wpforms-field-required\" name=\"wpforms[fields][2]\" required><\/textarea><\/div><\/div><!-- .wpforms-field-container --><div class=\"wpforms-field wpforms-field-hp\"><label for=\"wpforms-5156-field-hp\" class=\"wpforms-field-label\">Phone<\/label><input type=\"text\" name=\"wpforms[hp]\" id=\"wpforms-5156-field-hp\" class=\"wpforms-field-medium\"><\/div><div class=\"wpforms-recaptcha-container wpforms-is-recaptcha wpforms-is-recaptcha-type-invisible\" ><div class=\"g-recaptcha\" data-sitekey=\"6LftOcAbAAAAAPQrN_tHGVY85LTeZRgMhRudDTzQ\" data-size=\"invisible\"><\/div><\/div><div class=\"wpforms-submit-container\" ><input type=\"hidden\" name=\"wpforms[id]\" value=\"5156\"><input type=\"hidden\" name=\"page_title\" value=\"\"><input type=\"hidden\" name=\"page_url\" value=\"https:\/\/margill.com\/fr\/wp-json\/wp\/v2\/pages\/19744\"><input type=\"hidden\" name=\"url_referer\" value=\"\"><button type=\"submit\" name=\"wpforms[submit]\" id=\"wpforms-submit-5156\" class=\"wpforms-submit\" data-alt-text=\"envoi en cours...\" data-submit-text=\"Soumettre\" aria-live=\"assertive\" value=\"wpforms-submit\">Soumettre<\/button><\/div><\/form><\/div>  <!-- .wpforms-container --><\/div>\n\n\n\n<div class=\"wp-block-group alignfull has-global-padding is-layout-constrained wp-container-core-group-is-layout-67fd433d wp-block-group-is-layout-constrained\" style=\"padding-right:2rem;padding-left:2rem\">\n<div class=\"wp-block-group is-style-rounded-corners-small has-secondary-background-color has-background is-vertical is-content-justification-stretch is-layout-flex wp-container-core-group-is-layout-92b1d41f wp-block-group-is-layout-flex\" style=\"padding-top:50px;padding-right:50px;padding-bottom:50px;padding-left:50px\">\n<div class=\"wp-block-group is-content-justification-center is-layout-flex wp-container-core-group-is-layout-87970986 wp-block-group-is-layout-flex\">\n<div class=\"wp-block-group has-global-padding is-layout-constrained wp-block-group-is-layout-constrained\">\n<h2 class=\"wp-block-heading has-text-align-center has-white-color has-text-color has-link-color wp-elements-76ccfeab739158f3ee26b28dfca024b4\" style=\"font-size:clamp(1.743rem, 1.743rem + ((1vw - 0.2rem) * 1.796), 3rem);font-style:normal;font-weight:300;line-height:1.1;text-transform:uppercase\">Des<br>Questions ?<\/h2>\n<\/div>\n\n\n\n<div class=\"wp-block-group wp-container-content-d1243843 is-layout-flow wp-block-group-is-layout-flow\">\n<p class=\"has-blanc-casse-color has-text-color has-link-color has-medium-font-size wp-elements-1f27d869254643bc744d8601cdfc0ed3 wp-container-content-9cfa9a5a wp-block-paragraph\" style=\"line-height:1.36\">Vous avez des questions sur les solutions Margill ?<br>Notre \u00e9quipe est l\u00e0 pour vous aider ! N&rsquo;h\u00e9sitez pas \u00e0 nous contacter pour toute question, nous vous fournirons les r\u00e9ponses et les conseils dont vous avez besoin.<\/p>\n<\/div>\n<\/div>\n\n\n\n<div class=\"wp-block-group is-content-justification-center is-layout-flex wp-container-core-group-is-layout-47e51fdd wp-block-group-is-layout-flex\" style=\"border-top-color:var(--wp--preset--color--primary);border-top-width:1px\">\n<div class=\"wp-block-group is-nowrap is-layout-flex wp-container-core-group-is-layout-7271d9d5 wp-block-group-is-layout-flex\" style=\"padding-top:20px\">\n<div class=\"wp-block-outermost-icon-block\"><div class=\"icon-container has-icon-color has-primary-color\" style=\"color:#f86700;width:28px;transform:rotate(0deg) scaleX(1) scaleY(1)\"><svg width=\"32\" height=\"33\" viewBox=\"0 0 32 33\" fill=\"none\" xmlns=\"http:\/\/www.w3.org\/2000\/svg\"><path d=\"M18.8563 23.475L17.525 22.7063C14.3125 20.8563 11.6438 18.1813 9.79375 14.975L9.025 13.6438L10.1062 12.5625L12.65 10.0188L9.75 2.76253L2 4.16878V4.50003C2 18.8563 13.6438 30.5 28 30.5H28.3312L29.7375 22.75L22.4813 19.8438L19.9375 22.3875L18.8563 23.475ZM22 17.5L32 21.5L30 32.5H28C12.5375 32.5 0 19.9625 0 4.50003V2.50003L11 0.500031L15 10.5L11.525 13.975C13.2 16.8813 15.6187 19.3 18.525 20.975L22 17.5Z\"><\/path><\/svg><\/div><\/div>\n\n\n\n<p class=\"has-white-color has-text-color has-link-color has-medium-font-size wp-elements-ff16f6f9d36dd3edfa40ee44a3755395 wp-block-paragraph\"><a href=\"tel:18776831815\">+1 877 683-1815<\/a> <mark style=\"background-color:rgba(0, 0, 0, 0)\" class=\"has-inline-color has-primary-color\">\/<\/mark> +1 450 621-8283<\/p>\n<\/div>\n\n\n\n<div class=\"wp-block-group is-nowrap is-layout-flex wp-container-core-group-is-layout-7271d9d5 wp-block-group-is-layout-flex\" style=\"padding-top:20px\">\n<div class=\"wp-block-outermost-icon-block\"><div class=\"icon-container has-icon-color has-primary-color\" style=\"color:#f86700;width:30px;transform:rotate(0deg) scaleX(1) scaleY(1)\"><svg width=\"39\" height=\"29\" viewBox=\"0 0 39 29\" fill=\"none\" xmlns=\"http:\/\/www.w3.org\/2000\/svg\"><path d=\"M2.60669 7.31566L19.2317 18.7453L35.8567 7.31566V2.62503H2.60669V7.31566ZM35.8567 10.1953L19.2317 21.625L2.60669 10.1953V26.375H35.8567V10.1953ZM0.231689 26.375V8.56253V2.62503V0.250031H2.60669H35.8567H38.2317V2.62503V8.56253V26.375V28.75H35.8567H2.60669H0.231689V26.375Z\"><\/path><\/svg><\/div><\/div>\n\n\n\n<p class=\"has-white-color has-text-color has-link-color has-medium-font-size wp-elements-aa95c4af11209e06b728f6e9181038f3 wp-block-paragraph\"><a href=\"mailto:ventes@margill.com\">ventes@margill.com<\/a><\/p>\n<\/div>\n<\/div>\n<\/div>\n<\/div>\n","protected":false},"excerpt":{"rendered":"<p>Veuillez remplir le formulaire ci-dessous ou envoyer un e-mail \u00e0 soutien@margill.com Demande de soutien<\/p>\n","protected":false},"author":17,"featured_media":16498,"parent":19715,"menu_order":0,"comment_status":"closed","ping_status":"closed","template":"","meta":{"_crdt_document":"","footnotes":""},"class_list":["post-19744","page","type-page","status-publish","has-post-thumbnail","hentry"],"yoast_head":"<!-- This site is optimized with the Yoast SEO plugin v27.2 - https:\/\/yoast.com\/product\/yoast-seo-wordpress\/ -->\r\n<title>Soutien technique Margill | Assistance et d\u00e9pannage<\/title>\r\n<meta name=\"description\" content=\"Envoyez une demande de soutien technique. Notre \u00e9quipe vous accompagne pour la configuration, l\u2019int\u00e9gration et les bonnes pratiques des logiciels Margill.\" \/>\r\n<meta name=\"robots\" content=\"index, follow, max-snippet:-1, max-image-preview:large, max-video-preview:-1\" \/>\r\n<link rel=\"canonical\" href=\"https:\/\/margill.com\/fr\/support\/soutien\/\" \/>\r\n<meta property=\"og:locale\" content=\"fr_FR\" \/>\r\n<meta property=\"og:type\" content=\"article\" \/>\r\n<meta property=\"og:title\" content=\"Soutien technique Margill | Assistance et d\u00e9pannage\" \/>\r\n<meta property=\"og:description\" content=\"Envoyez une demande de soutien technique. Notre \u00e9quipe vous accompagne pour la configuration, l\u2019int\u00e9gration et les bonnes pratiques des logiciels Margill.\" \/>\r\n<meta property=\"og:url\" content=\"https:\/\/margill.com\/fr\/support\/soutien\/\" \/>\r\n<meta property=\"og:site_name\" content=\"Margill\" \/>\r\n<meta property=\"article:modified_time\" content=\"2025-12-03T14:55:32+00:00\" \/>\r\n<meta property=\"og:image\" content=\"https:\/\/margill.com\/wp-content\/uploads\/2015\/12\/support.jpg\" \/>\r\n\t<meta property=\"og:image:width\" content=\"3200\" \/>\r\n\t<meta property=\"og:image:height\" content=\"1348\" \/>\r\n\t<meta property=\"og:image:type\" content=\"image\/jpeg\" \/>\r\n<meta name=\"twitter:card\" content=\"summary_large_image\" \/>\r\n<meta name=\"twitter:label1\" content=\"Dur\u00e9e de lecture estim\u00e9e\" \/>\n\t<meta name=\"twitter:data1\" content=\"1 minute\" \/>\r\n<script type=\"application\/ld+json\" class=\"yoast-schema-graph\">{\"@context\":\"https:\/\/schema.org\",\"@graph\":[{\"@type\":\"WebPage\",\"@id\":\"https:\/\/margill.com\/fr\/support\/soutien\/\",\"url\":\"https:\/\/margill.com\/fr\/support\/soutien\/\",\"name\":\"Soutien technique Margill | Assistance et d\u00e9pannage\",\"isPartOf\":{\"@id\":\"https:\/\/margill.com\/fr\/#website\"},\"primaryImageOfPage\":{\"@id\":\"https:\/\/margill.com\/fr\/support\/soutien\/#primaryimage\"},\"image\":{\"@id\":\"https:\/\/margill.com\/fr\/support\/soutien\/#primaryimage\"},\"thumbnailUrl\":\"https:\/\/margill.com\/wp-content\/uploads\/2015\/12\/support.jpg\",\"datePublished\":\"2025-03-28T15:49:20+00:00\",\"dateModified\":\"2025-12-03T14:55:32+00:00\",\"description\":\"Envoyez une demande de soutien technique. Notre \u00e9quipe vous accompagne pour la configuration, l\u2019int\u00e9gration et les bonnes pratiques des logiciels Margill.\",\"breadcrumb\":{\"@id\":\"https:\/\/margill.com\/fr\/support\/soutien\/#breadcrumb\"},\"inLanguage\":\"fr-FR\",\"potentialAction\":[{\"@type\":\"ReadAction\",\"target\":[\"https:\/\/margill.com\/fr\/support\/soutien\/\"]}]},{\"@type\":\"ImageObject\",\"inLanguage\":\"fr-FR\",\"@id\":\"https:\/\/margill.com\/fr\/support\/soutien\/#primaryimage\",\"url\":\"https:\/\/margill.com\/wp-content\/uploads\/2015\/12\/support.jpg\",\"contentUrl\":\"https:\/\/margill.com\/wp-content\/uploads\/2015\/12\/support.jpg\",\"width\":3200,\"height\":1348},{\"@type\":\"BreadcrumbList\",\"@id\":\"https:\/\/margill.com\/fr\/support\/soutien\/#breadcrumb\",\"itemListElement\":[{\"@type\":\"ListItem\",\"position\":1,\"name\":\"Home\",\"item\":\"https:\/\/margill.com\/fr\/\"},{\"@type\":\"ListItem\",\"position\":2,\"name\":\"Soutien\",\"item\":\"https:\/\/margill.com\/fr\/support\/\"},{\"@type\":\"ListItem\",\"position\":3,\"name\":\"Demande de soutien\"}]},{\"@type\":\"WebSite\",\"@id\":\"https:\/\/margill.com\/fr\/#website\",\"url\":\"https:\/\/margill.com\/fr\/\",\"name\":\"Margill\",\"description\":\"Loan Servicing Solutions \/ Interest Calculators\",\"potentialAction\":[{\"@type\":\"SearchAction\",\"target\":{\"@type\":\"EntryPoint\",\"urlTemplate\":\"https:\/\/margill.com\/fr\/?s={search_term_string}\"},\"query-input\":{\"@type\":\"PropertyValueSpecification\",\"valueRequired\":true,\"valueName\":\"search_term_string\"}}],\"inLanguage\":\"fr-FR\"}]}<\/script>\r\n<!-- \/ Yoast SEO plugin. -->","yoast_head_json":{"title":"Soutien technique Margill | Assistance et d\u00e9pannage","description":"Envoyez une demande de soutien technique. Notre \u00e9quipe vous accompagne pour la configuration, l\u2019int\u00e9gration et les bonnes pratiques des logiciels Margill.","robots":{"index":"index","follow":"follow","max-snippet":"max-snippet:-1","max-image-preview":"max-image-preview:large","max-video-preview":"max-video-preview:-1"},"canonical":"https:\/\/margill.com\/fr\/support\/soutien\/","og_locale":"fr_FR","og_type":"article","og_title":"Soutien technique Margill | Assistance et d\u00e9pannage","og_description":"Envoyez une demande de soutien technique. Notre \u00e9quipe vous accompagne pour la configuration, l\u2019int\u00e9gration et les bonnes pratiques des logiciels Margill.","og_url":"https:\/\/margill.com\/fr\/support\/soutien\/","og_site_name":"Margill","article_modified_time":"2025-12-03T14:55:32+00:00","og_image":[{"width":3200,"height":1348,"url":"https:\/\/margill.com\/wp-content\/uploads\/2015\/12\/support.jpg","type":"image\/jpeg"}],"twitter_card":"summary_large_image","twitter_misc":{"Dur\u00e9e de lecture estim\u00e9e":"1 minute"},"schema":{"@context":"https:\/\/schema.org","@graph":[{"@type":"WebPage","@id":"https:\/\/margill.com\/fr\/support\/soutien\/","url":"https:\/\/margill.com\/fr\/support\/soutien\/","name":"Soutien technique Margill | Assistance et d\u00e9pannage","isPartOf":{"@id":"https:\/\/margill.com\/fr\/#website"},"primaryImageOfPage":{"@id":"https:\/\/margill.com\/fr\/support\/soutien\/#primaryimage"},"image":{"@id":"https:\/\/margill.com\/fr\/support\/soutien\/#primaryimage"},"thumbnailUrl":"https:\/\/margill.com\/wp-content\/uploads\/2015\/12\/support.jpg","datePublished":"2025-03-28T15:49:20+00:00","dateModified":"2025-12-03T14:55:32+00:00","description":"Envoyez une demande de soutien technique. Notre \u00e9quipe vous accompagne pour la configuration, l\u2019int\u00e9gration et les bonnes pratiques des logiciels Margill.","breadcrumb":{"@id":"https:\/\/margill.com\/fr\/support\/soutien\/#breadcrumb"},"inLanguage":"fr-FR","potentialAction":[{"@type":"ReadAction","target":["https:\/\/margill.com\/fr\/support\/soutien\/"]}]},{"@type":"ImageObject","inLanguage":"fr-FR","@id":"https:\/\/margill.com\/fr\/support\/soutien\/#primaryimage","url":"https:\/\/margill.com\/wp-content\/uploads\/2015\/12\/support.jpg","contentUrl":"https:\/\/margill.com\/wp-content\/uploads\/2015\/12\/support.jpg","width":3200,"height":1348},{"@type":"BreadcrumbList","@id":"https:\/\/margill.com\/fr\/support\/soutien\/#breadcrumb","itemListElement":[{"@type":"ListItem","position":1,"name":"Home","item":"https:\/\/margill.com\/fr\/"},{"@type":"ListItem","position":2,"name":"Soutien","item":"https:\/\/margill.com\/fr\/support\/"},{"@type":"ListItem","position":3,"name":"Demande de soutien"}]},{"@type":"WebSite","@id":"https:\/\/margill.com\/fr\/#website","url":"https:\/\/margill.com\/fr\/","name":"Margill","description":"Loan Servicing Solutions \/ Interest Calculators","potentialAction":[{"@type":"SearchAction","target":{"@type":"EntryPoint","urlTemplate":"https:\/\/margill.com\/fr\/?s={search_term_string}"},"query-input":{"@type":"PropertyValueSpecification","valueRequired":true,"valueName":"search_term_string"}}],"inLanguage":"fr-FR"}]}},"_links":{"self":[{"href":"https:\/\/margill.com\/fr\/wp-json\/wp\/v2\/pages\/19744","targetHints":{"allow":["GET"]}}],"collection":[{"href":"https:\/\/margill.com\/fr\/wp-json\/wp\/v2\/pages"}],"about":[{"href":"https:\/\/margill.com\/fr\/wp-json\/wp\/v2\/types\/page"}],"author":[{"embeddable":true,"href":"https:\/\/margill.com\/fr\/wp-json\/wp\/v2\/users\/17"}],"replies":[{"embeddable":true,"href":"https:\/\/margill.com\/fr\/wp-json\/wp\/v2\/comments?post=19744"}],"version-history":[{"count":16,"href":"https:\/\/margill.com\/fr\/wp-json\/wp\/v2\/pages\/19744\/revisions"}],"predecessor-version":[{"id":21353,"href":"https:\/\/margill.com\/fr\/wp-json\/wp\/v2\/pages\/19744\/revisions\/21353"}],"up":[{"embeddable":true,"href":"https:\/\/margill.com\/fr\/wp-json\/wp\/v2\/pages\/19715"}],"wp:featuredmedia":[{"embeddable":true,"href":"https:\/\/margill.com\/fr\/wp-json\/wp\/v2\/media\/16498"}],"wp:attachment":[{"href":"https:\/\/margill.com\/fr\/wp-json\/wp\/v2\/media?parent=19744"}],"curies":[{"name":"wp","href":"https:\/\/api.w.org\/{rel}","templated":true}]}}