{"id":19539,"date":"2025-01-11T14:25:11","date_gmt":"2025-01-11T19:25:11","guid":{"rendered":"https:\/\/margill.com\/a-propos\/our-company\/"},"modified":"2026-03-23T14:27:12","modified_gmt":"2026-03-23T18:27:12","slug":"la-compagnie","status":"publish","type":"page","link":"https:\/\/margill.com\/fr\/a-propos\/la-compagnie\/","title":{"rendered":"\u00c0 propos de Margill"},"content":{"rendered":"\n<div class=\"wp-block-group alignfull has-global-padding is-layout-constrained wp-block-group-is-layout-constrained\" id=\"hero-image-text-page\">\n<div class=\"wp-block-columns alignwide is-layout-flex wp-container-core-columns-is-layout-d6252c37 wp-block-columns-is-layout-flex\">\n<div class=\"wp-block-column is-layout-flow wp-block-column-is-layout-flow\" style=\"flex-basis:50%\"><figure style=\"aspect-ratio:16\/9;\" class=\"is-style-rounded-corners-small wp-block-post-featured-image wp-container-content-9b0c1c04\"><img loading=\"lazy\" decoding=\"async\" width=\"6000\" height=\"4000\" src=\"https:\/\/margill.com\/wp-content\/uploads\/2025\/02\/sean-pollock-PhYq704ffdA-unsplash.jpg\" class=\"attachment-post-thumbnail size-post-thumbnail wp-post-image\" alt=\"\" style=\"width:100%;height:100%;object-fit:cover;\" srcset=\"https:\/\/margill.com\/wp-content\/uploads\/2025\/02\/sean-pollock-PhYq704ffdA-unsplash.jpg 6000w, https:\/\/margill.com\/wp-content\/uploads\/2025\/02\/sean-pollock-PhYq704ffdA-unsplash-300x200.jpg 300w, https:\/\/margill.com\/wp-content\/uploads\/2025\/02\/sean-pollock-PhYq704ffdA-unsplash-1030x687.jpg 1030w, https:\/\/margill.com\/wp-content\/uploads\/2025\/02\/sean-pollock-PhYq704ffdA-unsplash-1536x1024.jpg 1536w, https:\/\/margill.com\/wp-content\/uploads\/2025\/02\/sean-pollock-PhYq704ffdA-unsplash-2048x1365.jpg 2048w\" sizes=\"auto, (max-width: 6000px) 100vw, 6000px\" \/><\/figure><\/div>\n\n\n\n<div class=\"wp-block-column is-vertically-aligned-center is-layout-flow wp-block-column-is-layout-flow\" style=\"flex-basis:50%\">\n<div class=\"wp-block-group block-titre wp-container-content-9b0c1c04 is-vertical is-content-justification-left is-layout-flex wp-container-core-group-is-layout-dca2df2a wp-block-group-is-layout-flex\">\n<div class=\"wp-block-group is-style-rounded-corners-small has-grey-1-color has-blanc-casse-background-color has-text-color has-background has-link-color wp-elements-10e109ed8c501b18cb8d10664e9286f4 wp-container-content-164459c7 has-global-padding is-content-justification-left is-layout-constrained wp-container-core-group-is-layout-38e99003 wp-block-group-is-layout-constrained\" style=\"padding-top:2em;padding-right:5em;padding-bottom:2em;padding-left:3em\"><h1 style=\"font-style:normal;font-weight:400;line-height:1;\" class=\"has-link-color wp-elements-dd25c488213ed8a9da9ff5da32465dfa wp-block-post-title has-text-color has-dark-grey-color has-xx-large-font-size has-aileron-font-family\">\u00c0 propos de Margill<\/h1>\n\n\n<p class=\"has-primary-color has-text-color has-link-color has-medium-font-size wp-elements-f483e2ff2d325562f4b3e492a9ba08cd wp-block-paragraph\">Une soci\u00e9t\u00e9 de Fintech<\/p>\n<\/div>\n<\/div>\n<\/div>\n<\/div>\n<\/div>\n\n\n\n<div class=\"wp-block-columns alignwide is-layout-flex wp-container-core-columns-is-layout-6cf1eaf8 wp-block-columns-is-layout-flex\">\n<div class=\"wp-block-column is-layout-flow wp-block-column-is-layout-flow\" style=\"flex-basis:20%\">\n<div class=\"wp-block-group sticky-top-2em has-global-padding is-layout-constrained wp-block-group-is-layout-constrained wp-container-1 is-position-sticky\">\n<figure class=\"wp-block-image size-large is-resized is-style-rounded-corners-small\"><img loading=\"lazy\" decoding=\"async\" width=\"686\" height=\"1030\" src=\"https:\/\/margill.com\/wp-content\/uploads\/2014\/08\/D4S21451-686x1030.jpg\" alt=\"\" class=\"wp-image-3809\" style=\"width:200px\" srcset=\"https:\/\/margill.com\/wp-content\/uploads\/2014\/08\/D4S21451-686x1030.jpg 686w, https:\/\/margill.com\/wp-content\/uploads\/2014\/08\/D4S21451-200x300.jpg 200w, https:\/\/margill.com\/wp-content\/uploads\/2014\/08\/D4S21451-469x705.jpg 469w, https:\/\/margill.com\/wp-content\/uploads\/2014\/08\/D4S21451-450x676.jpg 450w, https:\/\/margill.com\/wp-content\/uploads\/2014\/08\/D4S21451.jpg 799w\" sizes=\"auto, (max-width: 686px) 100vw, 686px\" \/><\/figure>\n\n\n\n<div class=\"wp-block-group has-global-padding is-content-justification-left is-layout-constrained wp-container-core-group-is-layout-25864bff wp-block-group-is-layout-constrained\">\n<p class=\"has-secondary-color has-text-color has-link-color has-medium-large-font-size wp-elements-4cabdcd6df5887dd09d273a72758315a wp-block-paragraph\">Le fondateur<\/p>\n\n\n\n<p class=\"has-small-font-size wp-block-paragraph\"><strong>Marc G\u00e9linas<\/strong> est le pr\u00e9sident fondateur de <strong>Jurismedia inc.<\/strong>, avocat de formation et titulaire d\u2019un <strong>MBA de l\u2019Universit\u00e9 McGill<\/strong>.<br>Il est \u00e9galement l\u2019auteur du document de r\u00e9f\u00e9rence<em>&nbsp;<a href=\"https:\/\/www.margill.com\/en\/interest-calculation-white-paper\/\">White Paper on Interest Calculation<\/a><\/em>&nbsp;(publi\u00e9 dans le \u00ab&nbsp;Real Estate Law &amp; Industry Report&nbsp;\u00bb \u2013 en anglais), un guide pratique visant \u00e0 enseigner les principes fondamentaux du calcul d\u2019int\u00e9r\u00eat.<\/p>\n\n\n\n<p class=\"wp-block-paragraph\">En plus de ses fonctions de pr\u00e9sident, <strong>M. G\u00e9linas<\/strong> collabore \u00e9troitement avec les clients afin de faciliter leur travail et d\u2019assurer une utilisation optimale des logiciels <strong>Margill<\/strong>.<\/p>\n<\/div>\n<\/div>\n<\/div>\n\n\n\n<div class=\"wp-block-column is-layout-flow wp-block-column-is-layout-flow\" style=\"flex-basis:80%\">\n<div class=\"wp-block-group has-global-padding is-content-justification-right is-layout-constrained wp-container-core-group-is-layout-1778b103 wp-block-group-is-layout-constrained\">\n<div class=\"wp-block-group has-global-padding is-content-justification-left is-layout-constrained wp-container-core-group-is-layout-025bc77f wp-block-group-is-layout-constrained\">\n<div class=\"wp-block-group has-global-padding is-content-justification-left is-layout-constrained wp-container-core-group-is-layout-714b6d90 wp-block-group-is-layout-constrained\">\n<div class=\"wp-block-group is-style-default is-layout-flow wp-block-group-is-layout-flow\" style=\"border-bottom-color:var(--wp--preset--color--secondary);border-bottom-width:1px;padding-bottom:10px\">\n<h2 class=\"wp-block-heading has-secondary-color has-text-color has-link-color has-medium-large-font-size wp-elements-be4920c4c7870b38bf658a4afa0898b6\" style=\"font-style:normal;font-weight:400\">La soci\u00e9t\u00e9 <\/h2>\n<\/div>\n<\/div>\n\n\n\n<div class=\"wp-block-group has-global-padding is-layout-constrained wp-container-core-group-is-layout-79e48184 wp-block-group-is-layout-constrained\">\n<p class=\"wp-block-paragraph\"><strong>Jurismedia inc.<\/strong> prend ses origines dans la communaut\u00e9 juridique avec le d\u00e9veloppement de son premier logiciel en 1992 \u2014 d\u2019o\u00f9 le nom de la compagnie. Con\u00e7u initialement pour r\u00e9pondre aux besoins particuliers des juristes, le logiciel a \u00e9volu\u00e9 au fil des ann\u00e9es pour devenir un outil extr\u00eamement flexible, aujourd\u2019hui connu sous le nom <strong>Margill<\/strong>.<\/p>\n\n\n\n<p class=\"wp-block-paragraph\">Les calculs offerts couvrent une vaste gamme de sc\u00e9narios : pr\u00eats r\u00e9guliers et irr\u00e9guliers, hypoth\u00e8ques, cr\u00e9dits-bails, marges de cr\u00e9dit, investissements, valeur actualis\u00e9e, int\u00e9r\u00eats sur jugements, et plus encore.<\/p>\n\n\n\n<p class=\"wp-block-paragraph\">Aujourd\u2019hui, <strong>Margill<\/strong> sert une multitude de&nbsp;<a href=\"https:\/\/margill.com\/fr\/a-propos\/nos-clients\/\">clients&nbsp;<\/a>dans plus de <strong>50 pays<\/strong>, notamment : des comptables, cabinets d\u2019avocats, juges, gouvernements, villes, banques, pr\u00eateurs communautaires, courtiers, syndicats, compagnies d\u2019assurance, entreprises de cr\u00e9dit-bail, soci\u00e9t\u00e9s immobili\u00e8res, ainsi que des PME et de grandes entreprises.<\/p>\n\n\n\n<p class=\"wp-block-paragraph\">Avec une \u00e9quipe de programmeurs chevronn\u00e9s et d\u2019experts du calcul d\u2019int\u00e9r\u00eat, <strong>Jurismedia<\/strong> travaille \u00e9troitement avec sa client\u00e8le afin d\u2019assurer une am\u00e9lioration continue de ses produits. Le service \u00e0 la client\u00e8le demeure l\u2019une de nos grandes forces \u2014 si vous avez besoin d\u2019assistance, vous pouvez compter sur notre \u00e9quipe.<\/p>\n<\/div>\n<\/div>\n\n\n\n<div class=\"wp-block-group has-global-padding is-content-justification-left is-layout-constrained wp-container-core-group-is-layout-025bc77f wp-block-group-is-layout-constrained\">\n<div class=\"wp-block-group has-global-padding is-content-justification-left is-layout-constrained wp-container-core-group-is-layout-714b6d90 wp-block-group-is-layout-constrained\">\n<div class=\"wp-block-group is-style-default is-layout-flow wp-block-group-is-layout-flow\" style=\"border-bottom-color:var(--wp--preset--color--secondary);border-bottom-width:1px;padding-bottom:10px\">\n<h2 class=\"wp-block-heading has-secondary-color has-text-color has-link-color has-medium-large-font-size wp-elements-1d009c9de86a7bc90174c4a69eab4553\" style=\"font-style:normal;font-weight:400\">Histoire<\/h2>\n<\/div>\n<\/div>\n\n\n\n<div class=\"wp-block-group has-global-padding is-layout-constrained wp-block-group-is-layout-constrained\">\n<p class=\"wp-block-paragraph\"><strong><mark style=\"background-color:rgba(0, 0, 0, 0)\" class=\"has-inline-color has-secondary-color\">1992<\/mark><\/strong><br>Au d\u00e9but des ann\u00e9es 1990, l\u2019avocat <strong>Marc G\u00e9linas<\/strong> constate que les juristes utilisent encore des calculatrices et des tableurs rudimentaires pour calculer les int\u00e9r\u00eats \u2014 une source d\u2019erreurs fr\u00e9quente. Il fait alors appel \u00e0 des programmeurs pour concevoir un outil performant, convivial et pr\u00e9cis : <strong>LogiCalc<\/strong>, fonctionnant sous <strong>DOS<\/strong>.<\/p>\n\n\n\n<p class=\"wp-block-paragraph\"><strong><mark style=\"background-color:rgba(0, 0, 0, 0)\" class=\"has-inline-color has-secondary-color\">1998<\/mark><\/strong><br>LogiCalc devient <strong>Margill<\/strong> et passe \u00e0 la plateforme <strong>Windows<\/strong>, offrant de nouveaux outils de calcul puissants.<\/p>\n\n\n\n<p class=\"wp-block-paragraph\"><strong><mark style=\"background-color:rgba(0, 0, 0, 0)\" class=\"has-inline-color has-secondary-color\">2003<\/mark><\/strong><br><strong>Justice Canada<\/strong> devient utilisateur de <strong>Margill<\/strong>.<\/p>\n\n\n\n<p class=\"wp-block-paragraph\"><strong><mark style=\"background-color:rgba(0, 0, 0, 0)\" class=\"has-inline-color has-secondary-color\">2007<\/mark><\/strong><br>Margill g\u00e8re plus de <strong>150 tables d\u2019int\u00e9r\u00eat<\/strong> (taux pr\u00e9f\u00e9rentiels, taux des banques centrales, etc.) et <strong>tables d\u2019indexation<\/strong> (inflation, indices boursiers), mises \u00e0 jour automatiquement.<br>Lancement officiel du <strong>Margill Gestion de Pr\u00eats<\/strong>, un logiciel financier complet pour la gestion de pr\u00eats.<br>Le <strong>U.S. Department of Health &amp; Human Services<\/strong> adopte Margill pour la gestion des recouvrements gouvernementaux.<\/p>\n\n\n\n<p class=\"wp-block-paragraph\"><strong><mark style=\"background-color:rgba(0, 0, 0, 0)\" class=\"has-inline-color has-secondary-color\">2008<\/mark><\/strong><br>Lancement de <strong>Margill \u00c9dition Standard 3.0<\/strong> et <strong>Margill \u00c9dition Droit<\/strong>, offrant davantage d\u2019options de calcul pour les professionnels du droit.<br>Margill est maintenant utilis\u00e9 dans plus de <strong>20 pays.<\/strong><\/p>\n\n\n\n<p class=\"wp-block-paragraph\"><strong><mark style=\"background-color:rgba(0, 0, 0, 0)\" class=\"has-inline-color has-secondary-color\">2010<\/mark><\/strong><br>Lancement du <strong>Gestionnaire de Pr\u00eats Margill 2.0 \u00e0 2.2<\/strong><br>Plus de <strong>700 cabinets d\u2019avocats<\/strong> \u00e0 travers le monde utilisent <strong>Margill \u00c9dition Droit.<\/strong><\/p>\n\n\n\n<p class=\"wp-block-paragraph\"><strong><mark style=\"background-color:rgba(0, 0, 0, 0)\" class=\"has-inline-color has-secondary-color\">2011<\/mark><\/strong><br>La&nbsp;<strong>U.S. Securities and Exchange Commision (SEC)<\/strong>&nbsp;est un nouvel utilisateur de <strong>Margill \u00c9dition Droit.<\/strong><\/p>\n\n\n\n<p class=\"wp-block-paragraph\"><strong><mark style=\"background-color:rgba(0, 0, 0, 0)\" class=\"has-inline-color has-secondary-color\">2013<\/mark><\/strong><br>Lancement du <strong>Gestionnaire de Pr\u00eats Margill 3.0 et&nbsp;3.1<\/strong><br>Les produits Margill sont maintenant utilis\u00e9s \u00e0 travers plus de <strong>30 pays<\/strong>.<\/p>\n\n\n\n<p class=\"wp-block-paragraph\"><strong><mark style=\"background-color:rgba(0, 0, 0, 0)\" class=\"has-inline-color has-secondary-color\">2015<\/mark><\/strong><br>Lancement du <strong>Gestionnaire de Pr\u00eats Margill &nbsp;4.0 et&nbsp;4.1<\/strong><br><strong>Toyota Industries North America (TINA)<\/strong>&nbsp;est un nouvel utilisateur du logiciel.<\/p>\n\n\n\n<p class=\"wp-block-paragraph\"><strong><mark style=\"background-color:rgba(0, 0, 0, 0)\" class=\"has-inline-color has-secondary-color\">2016<\/mark><\/strong><br>Refonte visuelle des <strong>Margill \u00c9dition Standard<\/strong> et <strong>\u00c9dition Droit<\/strong>, offrant une interface modernis\u00e9e (version 4.0).<br>Lancement du <strong>Gestionnaire de Pr\u00eats Margill 4.2<\/strong>, avec de nouvelles options pour les utilisateurs.<br>La <strong>F\u00e9d\u00e9ration canadienne des municipalit\u00e9s<\/strong> rejoint la client\u00e8le de Margill.<\/p>\n\n\n\n<p class=\"wp-block-paragraph\"><strong><mark style=\"background-color:rgba(0, 0, 0, 0)\" class=\"has-inline-color has-secondary-color\">2017<\/mark><\/strong> &#8211; <strong><mark style=\"background-color:rgba(0, 0, 0, 0)\" class=\"has-inline-color has-secondary-color\">2019<\/mark><\/strong><br>Lancement successif des versions <strong>4.3 \u00e0 5.0<\/strong> du <strong>Gestionnaire de Pr\u00eats<\/strong> et des<strong> \u00c9ditions Standard\/Droit<\/strong>.<br>Margill devient disponible <strong>en mode Cloud<\/strong>, avec un <strong>Portail Web pour emprunteurs et cr\u00e9anciers.<\/strong><\/p>\n\n\n\n<p class=\"wp-block-paragraph\"><strong><mark style=\"background-color:rgba(0, 0, 0, 0)\" class=\"has-inline-color has-secondary-color\">2021<\/mark><\/strong>&#8211; <strong><mark style=\"background-color:rgba(0, 0, 0, 0)\" class=\"has-inline-color has-secondary-color\">2022<\/mark><\/strong><br>Lancements des versions <strong>5.3<\/strong> et <strong>5.4<\/strong> du Gestionnaire de Pr\u00eats, introduisant les <strong>rapports automatis\u00e9s<\/strong>, la <strong>communication par SMS<\/strong> et l\u2019<strong>API d\u2019\u00e9change de donn\u00e9es<\/strong>.<\/p>\n\n\n\n<p class=\"wp-block-paragraph\"><strong><mark style=\"background-color:rgba(0, 0, 0, 0)\" class=\"has-inline-color has-secondary-color\">2023<\/mark><\/strong><br>Lancement de la version<strong> 5.5<\/strong> du <strong>Gestionnaire de Pr\u00eats Margill<\/strong>.<br>Margill est maintenant utilis\u00e9 dans <strong>45 pays<\/strong> et conforme aux <strong>lois sur la protection des renseignements personnels<\/strong>.<\/p>\n\n\n\n<p class=\"wp-block-paragraph\"><strong><mark style=\"background-color:rgba(0, 0, 0, 0)\" class=\"has-inline-color has-secondary-color\">2024<\/mark><\/strong><br>Version <strong>5.6<\/strong> : ajout d\u2019une <strong>application Web<\/strong> pour l\u2019approbation ou le refus de demandes de pr\u00eats via un formulaire en ligne.<\/p>\n\n\n\n<p class=\"wp-block-paragraph\"><strong><mark style=\"background-color:rgba(0, 0, 0, 0)\" class=\"has-inline-color has-secondary-color\">2025<\/mark><\/strong><br>Lancement du <strong>Gestionnaire de Pr\u00eats Margill 5.7<\/strong><br>Les produits Margill sont d\u00e9sormais utilis\u00e9s dans plus de <strong>50 pays<\/strong>.<br><a href=\"https:\/\/margill.com\/fr\/jurismedia-gestionnaire-de-prets-margill-officiellement-soc-2-type-2\/\">Certification SOC 2 (Type 1 et Type 2)<\/a>  pour le Gestionnaire de Pr\u00eats Margill version Nuage<br>Lancement de la version WEB des logiciels \u00c9dition Droit et Standard (BETA)<br>Lancement du site Web margill.com<\/p>\n\n\n\n<p class=\"wp-block-paragraph\"><strong><mark style=\"background-color:rgba(0, 0, 0, 0)\" class=\"has-inline-color has-secondary-color\">2026<\/mark><\/strong><br>Lancement du <strong>Gestionnaire de Pr\u00eats Margill 6.0<\/strong><\/p>\n\n\n\n<p class=\"wp-block-paragraph\"><\/p>\n\n\n\n<p class=\"wp-block-paragraph\"><\/p>\n<\/div>\n<\/div>\n<\/div>\n<\/div>\n<\/div>\n\n\n\n<p class=\"wp-block-paragraph\"><\/p>\n","protected":false},"excerpt":{"rendered":"<p>Une soci\u00e9t\u00e9 de Fintech Le fondateur Marc G\u00e9linas est le pr\u00e9sident fondateur de Jurismedia inc., avocat de formation et titulaire d\u2019un MBA de l\u2019Universit\u00e9 McGill.Il est \u00e9galement l\u2019auteur du document de r\u00e9f\u00e9rence&nbsp;White Paper on Interest Calculation&nbsp;(publi\u00e9 dans le \u00ab&nbsp;Real Estate Law &amp; Industry Report&nbsp;\u00bb \u2013 en anglais), un guide pratique visant \u00e0 enseigner les principes [&hellip;]<\/p>\n","protected":false},"author":25,"featured_media":17690,"parent":19535,"menu_order":0,"comment_status":"closed","ping_status":"closed","template":"no-title","meta":{"_crdt_document":"","footnotes":""},"class_list":["post-19539","page","type-page","status-publish","has-post-thumbnail","hentry"],"yoast_head":"<!-- This site is optimized with the Yoast SEO plugin v27.2 - https:\/\/yoast.com\/product\/yoast-seo-wordpress\/ -->\r\n<title>\u00c0 propos de Margill | Solutions de gestion financi\u00e8re<\/title>\r\n<meta name=\"description\" content=\"D\u00e9couvrez Margill, son expertise en d\u00e9veloppement de solutions de gestion de pr\u00eats, de calcul d\u2019int\u00e9r\u00eat et de solutions financi\u00e8res pour professionnels.\" \/>\r\n<meta name=\"robots\" content=\"index, follow, max-snippet:-1, max-image-preview:large, max-video-preview:-1\" \/>\r\n<link rel=\"canonical\" href=\"https:\/\/margill.com\/fr\/a-propos\/la-compagnie\/\" \/>\r\n<meta property=\"og:locale\" content=\"fr_FR\" \/>\r\n<meta property=\"og:type\" content=\"article\" \/>\r\n<meta property=\"og:title\" content=\"\u00c0 propos de Margill | Solutions de gestion financi\u00e8re\" \/>\r\n<meta property=\"og:description\" content=\"D\u00e9couvrez Margill, son expertise en d\u00e9veloppement de solutions de gestion de pr\u00eats, de calcul d\u2019int\u00e9r\u00eat et de solutions financi\u00e8res pour professionnels.\" \/>\r\n<meta property=\"og:url\" content=\"https:\/\/margill.com\/fr\/a-propos\/la-compagnie\/\" \/>\r\n<meta property=\"og:site_name\" content=\"Margill\" \/>\r\n<meta property=\"article:modified_time\" content=\"2026-03-23T18:27:12+00:00\" \/>\r\n<meta property=\"og:image\" content=\"https:\/\/margill.com\/wp-content\/uploads\/2025\/02\/sean-pollock-PhYq704ffdA-unsplash-1030x687.jpg\" \/>\r\n\t<meta property=\"og:image:width\" content=\"1030\" \/>\r\n\t<meta property=\"og:image:height\" content=\"687\" \/>\r\n\t<meta property=\"og:image:type\" content=\"image\/jpeg\" \/>\r\n<meta name=\"twitter:card\" content=\"summary_large_image\" \/>\r\n<meta name=\"twitter:label1\" content=\"Dur\u00e9e de lecture estim\u00e9e\" \/>\n\t<meta name=\"twitter:data1\" content=\"5 minutes\" \/>\r\n<script type=\"application\/ld+json\" class=\"yoast-schema-graph\">{\"@context\":\"https:\/\/schema.org\",\"@graph\":[{\"@type\":\"WebPage\",\"@id\":\"https:\/\/margill.com\/fr\/a-propos\/la-compagnie\/\",\"url\":\"https:\/\/margill.com\/fr\/a-propos\/la-compagnie\/\",\"name\":\"\u00c0 propos de Margill | Solutions de gestion financi\u00e8re\",\"isPartOf\":{\"@id\":\"https:\/\/margill.com\/fr\/#website\"},\"primaryImageOfPage\":{\"@id\":\"https:\/\/margill.com\/fr\/a-propos\/la-compagnie\/#primaryimage\"},\"image\":{\"@id\":\"https:\/\/margill.com\/fr\/a-propos\/la-compagnie\/#primaryimage\"},\"thumbnailUrl\":\"https:\/\/margill.com\/wp-content\/uploads\/2025\/02\/sean-pollock-PhYq704ffdA-unsplash.jpg\",\"datePublished\":\"2025-01-11T19:25:11+00:00\",\"dateModified\":\"2026-03-23T18:27:12+00:00\",\"description\":\"D\u00e9couvrez Margill, son expertise en d\u00e9veloppement de solutions de gestion de pr\u00eats, de calcul d\u2019int\u00e9r\u00eat et de solutions financi\u00e8res pour professionnels.\",\"breadcrumb\":{\"@id\":\"https:\/\/margill.com\/fr\/a-propos\/la-compagnie\/#breadcrumb\"},\"inLanguage\":\"fr-FR\",\"potentialAction\":[{\"@type\":\"ReadAction\",\"target\":[\"https:\/\/margill.com\/fr\/a-propos\/la-compagnie\/\"]}]},{\"@type\":\"ImageObject\",\"inLanguage\":\"fr-FR\",\"@id\":\"https:\/\/margill.com\/fr\/a-propos\/la-compagnie\/#primaryimage\",\"url\":\"https:\/\/margill.com\/wp-content\/uploads\/2025\/02\/sean-pollock-PhYq704ffdA-unsplash.jpg\",\"contentUrl\":\"https:\/\/margill.com\/wp-content\/uploads\/2025\/02\/sean-pollock-PhYq704ffdA-unsplash.jpg\",\"width\":6000,\"height\":4000},{\"@type\":\"BreadcrumbList\",\"@id\":\"https:\/\/margill.com\/fr\/a-propos\/la-compagnie\/#breadcrumb\",\"itemListElement\":[{\"@type\":\"ListItem\",\"position\":1,\"name\":\"Home\",\"item\":\"https:\/\/margill.com\/fr\/\"},{\"@type\":\"ListItem\",\"position\":2,\"name\":\"\u00c0 propos\",\"item\":\"https:\/\/margill.com\/fr\/a-propos\/\"},{\"@type\":\"ListItem\",\"position\":3,\"name\":\"\u00c0 propos de Margill\"}]},{\"@type\":\"WebSite\",\"@id\":\"https:\/\/margill.com\/fr\/#website\",\"url\":\"https:\/\/margill.com\/fr\/\",\"name\":\"Margill\",\"description\":\"Loan Servicing Solutions \/ Interest Calculators\",\"potentialAction\":[{\"@type\":\"SearchAction\",\"target\":{\"@type\":\"EntryPoint\",\"urlTemplate\":\"https:\/\/margill.com\/fr\/?s={search_term_string}\"},\"query-input\":{\"@type\":\"PropertyValueSpecification\",\"valueRequired\":true,\"valueName\":\"search_term_string\"}}],\"inLanguage\":\"fr-FR\"}]}<\/script>\r\n<!-- \/ Yoast SEO plugin. -->","yoast_head_json":{"title":"\u00c0 propos de Margill | Solutions de gestion financi\u00e8re","description":"D\u00e9couvrez Margill, son expertise en d\u00e9veloppement de solutions de gestion de pr\u00eats, de calcul d\u2019int\u00e9r\u00eat et de solutions financi\u00e8res pour professionnels.","robots":{"index":"index","follow":"follow","max-snippet":"max-snippet:-1","max-image-preview":"max-image-preview:large","max-video-preview":"max-video-preview:-1"},"canonical":"https:\/\/margill.com\/fr\/a-propos\/la-compagnie\/","og_locale":"fr_FR","og_type":"article","og_title":"\u00c0 propos de Margill | Solutions de gestion financi\u00e8re","og_description":"D\u00e9couvrez Margill, son expertise en d\u00e9veloppement de solutions de gestion de pr\u00eats, de calcul d\u2019int\u00e9r\u00eat et de solutions financi\u00e8res pour professionnels.","og_url":"https:\/\/margill.com\/fr\/a-propos\/la-compagnie\/","og_site_name":"Margill","article_modified_time":"2026-03-23T18:27:12+00:00","og_image":[{"width":1030,"height":687,"url":"https:\/\/margill.com\/wp-content\/uploads\/2025\/02\/sean-pollock-PhYq704ffdA-unsplash-1030x687.jpg","type":"image\/jpeg"}],"twitter_card":"summary_large_image","twitter_misc":{"Dur\u00e9e de lecture estim\u00e9e":"5 minutes"},"schema":{"@context":"https:\/\/schema.org","@graph":[{"@type":"WebPage","@id":"https:\/\/margill.com\/fr\/a-propos\/la-compagnie\/","url":"https:\/\/margill.com\/fr\/a-propos\/la-compagnie\/","name":"\u00c0 propos de Margill | Solutions de gestion financi\u00e8re","isPartOf":{"@id":"https:\/\/margill.com\/fr\/#website"},"primaryImageOfPage":{"@id":"https:\/\/margill.com\/fr\/a-propos\/la-compagnie\/#primaryimage"},"image":{"@id":"https:\/\/margill.com\/fr\/a-propos\/la-compagnie\/#primaryimage"},"thumbnailUrl":"https:\/\/margill.com\/wp-content\/uploads\/2025\/02\/sean-pollock-PhYq704ffdA-unsplash.jpg","datePublished":"2025-01-11T19:25:11+00:00","dateModified":"2026-03-23T18:27:12+00:00","description":"D\u00e9couvrez Margill, son expertise en d\u00e9veloppement de solutions de gestion de pr\u00eats, de calcul d\u2019int\u00e9r\u00eat et de solutions financi\u00e8res pour professionnels.","breadcrumb":{"@id":"https:\/\/margill.com\/fr\/a-propos\/la-compagnie\/#breadcrumb"},"inLanguage":"fr-FR","potentialAction":[{"@type":"ReadAction","target":["https:\/\/margill.com\/fr\/a-propos\/la-compagnie\/"]}]},{"@type":"ImageObject","inLanguage":"fr-FR","@id":"https:\/\/margill.com\/fr\/a-propos\/la-compagnie\/#primaryimage","url":"https:\/\/margill.com\/wp-content\/uploads\/2025\/02\/sean-pollock-PhYq704ffdA-unsplash.jpg","contentUrl":"https:\/\/margill.com\/wp-content\/uploads\/2025\/02\/sean-pollock-PhYq704ffdA-unsplash.jpg","width":6000,"height":4000},{"@type":"BreadcrumbList","@id":"https:\/\/margill.com\/fr\/a-propos\/la-compagnie\/#breadcrumb","itemListElement":[{"@type":"ListItem","position":1,"name":"Home","item":"https:\/\/margill.com\/fr\/"},{"@type":"ListItem","position":2,"name":"\u00c0 propos","item":"https:\/\/margill.com\/fr\/a-propos\/"},{"@type":"ListItem","position":3,"name":"\u00c0 propos de Margill"}]},{"@type":"WebSite","@id":"https:\/\/margill.com\/fr\/#website","url":"https:\/\/margill.com\/fr\/","name":"Margill","description":"Loan Servicing Solutions \/ Interest Calculators","potentialAction":[{"@type":"SearchAction","target":{"@type":"EntryPoint","urlTemplate":"https:\/\/margill.com\/fr\/?s={search_term_string}"},"query-input":{"@type":"PropertyValueSpecification","valueRequired":true,"valueName":"search_term_string"}}],"inLanguage":"fr-FR"}]}},"_links":{"self":[{"href":"https:\/\/margill.com\/fr\/wp-json\/wp\/v2\/pages\/19539","targetHints":{"allow":["GET"]}}],"collection":[{"href":"https:\/\/margill.com\/fr\/wp-json\/wp\/v2\/pages"}],"about":[{"href":"https:\/\/margill.com\/fr\/wp-json\/wp\/v2\/types\/page"}],"author":[{"embeddable":true,"href":"https:\/\/margill.com\/fr\/wp-json\/wp\/v2\/users\/25"}],"replies":[{"embeddable":true,"href":"https:\/\/margill.com\/fr\/wp-json\/wp\/v2\/comments?post=19539"}],"version-history":[{"count":21,"href":"https:\/\/margill.com\/fr\/wp-json\/wp\/v2\/pages\/19539\/revisions"}],"predecessor-version":[{"id":22115,"href":"https:\/\/margill.com\/fr\/wp-json\/wp\/v2\/pages\/19539\/revisions\/22115"}],"up":[{"embeddable":true,"href":"https:\/\/margill.com\/fr\/wp-json\/wp\/v2\/pages\/19535"}],"wp:featuredmedia":[{"embeddable":true,"href":"https:\/\/margill.com\/fr\/wp-json\/wp\/v2\/media\/17690"}],"wp:attachment":[{"href":"https:\/\/margill.com\/fr\/wp-json\/wp\/v2\/media?parent=19539"}],"curies":[{"name":"wp","href":"https:\/\/api.w.org\/{rel}","templated":true}]}}