{"id":18108,"date":"2025-03-04T17:38:33","date_gmt":"2025-03-04T22:38:33","guid":{"rendered":"https:\/\/margill.com\/?page_id=18108"},"modified":"2025-03-05T07:44:39","modified_gmt":"2025-03-05T12:44:39","slug":"formulaire","status":"publish","type":"page","link":"https:\/\/margill.com\/en\/formulaire\/","title":{"rendered":"formulaire"},"content":{"rendered":"\n<form action=\"#\" method=\"post\">\n        <fieldset>\n            <legend>Informations personnelles<\/legend>\n            <label for=\"nom\">Nom :<\/label>\n            <input type=\"text\" id=\"nom\" name=\"nom\" required>\n            \n            <label for=\"prenom\">Pr\u00e9nom :<\/label>\n            <input type=\"text\" id=\"prenom\" name=\"prenom\" required>\n            \n            <label for=\"email\">Email :<\/label>\n            <input type=\"email\" id=\"email\" name=\"email\" required>\n            \n            <label for=\"password\">Mot de passe :<\/label>\n            <input type=\"password\" id=\"password\" name=\"password\" required>\n            \n            <label for=\"telephone\">T\u00e9l\u00e9phone :<\/label>\n            <input type=\"tel\" id=\"telephone\" name=\"telephone\">\n            \n            <label for=\"date-naissance\">Date de naissance :<\/label>\n            <input type=\"date\" id=\"date-naissance\" name=\"date-naissance\">\n            \n            <label for=\"age\">\u00c2ge :<\/label>\n            <input type=\"number\" id=\"age\" name=\"age\" min=\"1\" max=\"120\">\n            \n            <label>Genre :<\/label>\n            <input type=\"radio\" id=\"homme\" name=\"genre\" value=\"homme\"><label for=\"homme\">Homme<\/label>\n            <input type=\"radio\" id=\"femme\" name=\"genre\" value=\"femme\"><label for=\"femme\">Femme<\/label>\n            <input type=\"radio\" id=\"autre\" name=\"genre\" value=\"autre\"><label for=\"autre\">Autre<\/label>\n        <\/fieldset>\n        \n        <fieldset>\n            <legend>Pr\u00e9f\u00e9rences<\/legend>\n            <label for=\"couleur\">Couleur pr\u00e9f\u00e9r\u00e9e :<\/label>\n            <input type=\"color\" id=\"couleur\" name=\"couleur\">\n            \n            <label for=\"pays\">Pays :<\/label>\n            <select id=\"pays\" name=\"pays\">\n                <option value=\"france\">France<\/option>\n                <option value=\"canada\">Canada<\/option>\n                <option value=\"belgique\">Belgique<\/option>\n                <option value=\"suisse\">Suisse<\/option>\n            <\/select>\n            \n            <label for=\"fichier\">T\u00e9l\u00e9charger un fichier :<\/label>\n            <input type=\"file\" id=\"fichier\" name=\"fichier\">\n            \n            <label>Choix multiples :<\/label>\n            <input type=\"checkbox\" id=\"option1\" name=\"option1\"><label for=\"option1\">Option 1<\/label>\n            <input type=\"checkbox\" id=\"option2\" name=\"option2\"><label for=\"option2\">Option 2<\/label>\n            <input type=\"checkbox\" id=\"option3\" name=\"option3\"><label for=\"option3\">Option 3<\/label>\n        <\/fieldset>\n        \n        <fieldset>\n            <legend>Autres informations<\/legend>\n            <label for=\"url\">Site web :<\/label>\n            <input type=\"url\" id=\"url\" name=\"url\">\n            \n            <label for=\"range\">Niveau de satisfaction :<\/label>\n            <input type=\"range\" id=\"range\" name=\"range\" min=\"0\" max=\"10\">\n            \n            <label for=\"textarea\">Commentaire :<\/label>\n            <textarea id=\"textarea\" name=\"textarea\" rows=\"4\" cols=\"50\"><\/textarea>\n        <\/fieldset>\n        \n        <fieldset>\n            <legend>Validation<\/legend>\n            <input type=\"reset\" value=\"R\u00e9initialiser\">\n            <input type=\"submit\" value=\"Envoyer\">\n        <\/fieldset>\n    <\/form>\n","protected":false},"excerpt":{"rendered":"<p>Informations personnelles Nom : Pr\u00e9nom : Email : Mot de passe : T\u00e9l\u00e9phone : Date de naissance : \u00c2ge : Genre : Homme Femme Autre Pr\u00e9f\u00e9rences Couleur pr\u00e9f\u00e9r\u00e9e : Pays : FranceCanadaBelgiqueSuisse T\u00e9l\u00e9charger un fichier : Choix multiples : Option 1 Option 2 Option 3 Autres informations Site web : Niveau de satisfaction : Commentaire [&hellip;]<\/p>\n","protected":false},"author":17,"featured_media":0,"parent":0,"menu_order":0,"comment_status":"closed","ping_status":"closed","template":"","meta":{"_crdt_document":"","footnotes":""},"class_list":["post-18108","page","type-page","status-publish","hentry"],"yoast_head":"<!-- This site is optimized with the Yoast SEO plugin v27.2 - https:\/\/yoast.com\/product\/yoast-seo-wordpress\/ -->\r\n<title>formulaire - Margill<\/title>\r\n<meta name=\"robots\" content=\"index, follow, max-snippet:-1, max-image-preview:large, max-video-preview:-1\" \/>\r\n<link rel=\"canonical\" href=\"https:\/\/margill.com\/en\/formulaire\/\" \/>\r\n<meta property=\"og:locale\" content=\"en_US\" \/>\r\n<meta property=\"og:type\" content=\"article\" \/>\r\n<meta property=\"og:title\" content=\"formulaire - Margill\" \/>\r\n<meta property=\"og:description\" content=\"Informations personnelles Nom : Pr\u00e9nom : Email : Mot de passe : T\u00e9l\u00e9phone : Date de naissance : \u00c2ge : Genre : Homme Femme Autre Pr\u00e9f\u00e9rences Couleur pr\u00e9f\u00e9r\u00e9e : Pays : FranceCanadaBelgiqueSuisse T\u00e9l\u00e9charger un fichier : Choix multiples : Option 1 Option 2 Option 3 Autres informations Site web : Niveau de satisfaction : Commentaire [&hellip;]\" \/>\r\n<meta property=\"og:url\" content=\"https:\/\/margill.com\/en\/formulaire\/\" \/>\r\n<meta property=\"og:site_name\" content=\"Margill\" \/>\r\n<meta property=\"article:modified_time\" content=\"2025-03-05T12:44:39+00:00\" \/>\r\n<meta name=\"twitter:card\" content=\"summary_large_image\" \/>\r\n<meta name=\"twitter:label1\" content=\"Est. reading time\" \/>\n\t<meta name=\"twitter:data1\" content=\"1 minute\" \/>\r\n<script type=\"application\/ld+json\" class=\"yoast-schema-graph\">{\"@context\":\"https:\/\/schema.org\",\"@graph\":[{\"@type\":\"WebPage\",\"@id\":\"https:\/\/margill.com\/en\/formulaire\/\",\"url\":\"https:\/\/margill.com\/en\/formulaire\/\",\"name\":\"formulaire - Margill\",\"isPartOf\":{\"@id\":\"https:\/\/margill.com\/en\/#website\"},\"datePublished\":\"2025-03-04T22:38:33+00:00\",\"dateModified\":\"2025-03-05T12:44:39+00:00\",\"breadcrumb\":{\"@id\":\"https:\/\/margill.com\/en\/formulaire\/#breadcrumb\"},\"inLanguage\":\"en-US\",\"potentialAction\":[{\"@type\":\"ReadAction\",\"target\":[\"https:\/\/margill.com\/en\/formulaire\/\"]}]},{\"@type\":\"BreadcrumbList\",\"@id\":\"https:\/\/margill.com\/en\/formulaire\/#breadcrumb\",\"itemListElement\":[{\"@type\":\"ListItem\",\"position\":1,\"name\":\"Home\",\"item\":\"https:\/\/margill.com\/en\/\"},{\"@type\":\"ListItem\",\"position\":2,\"name\":\"formulaire\"}]},{\"@type\":\"WebSite\",\"@id\":\"https:\/\/margill.com\/en\/#website\",\"url\":\"https:\/\/margill.com\/en\/\",\"name\":\"Margill\",\"description\":\"Loan Servicing Solutions \/ Interest Calculators\",\"potentialAction\":[{\"@type\":\"SearchAction\",\"target\":{\"@type\":\"EntryPoint\",\"urlTemplate\":\"https:\/\/margill.com\/en\/?s={search_term_string}\"},\"query-input\":{\"@type\":\"PropertyValueSpecification\",\"valueRequired\":true,\"valueName\":\"search_term_string\"}}],\"inLanguage\":\"en-US\"}]}<\/script>\r\n<!-- \/ Yoast SEO plugin. -->","yoast_head_json":{"title":"formulaire - Margill","robots":{"index":"index","follow":"follow","max-snippet":"max-snippet:-1","max-image-preview":"max-image-preview:large","max-video-preview":"max-video-preview:-1"},"canonical":"https:\/\/margill.com\/en\/formulaire\/","og_locale":"en_US","og_type":"article","og_title":"formulaire - Margill","og_description":"Informations personnelles Nom : Pr\u00e9nom : Email : Mot de passe : T\u00e9l\u00e9phone : Date de naissance : \u00c2ge : Genre : Homme Femme Autre Pr\u00e9f\u00e9rences Couleur pr\u00e9f\u00e9r\u00e9e : Pays : FranceCanadaBelgiqueSuisse T\u00e9l\u00e9charger un fichier : Choix multiples : Option 1 Option 2 Option 3 Autres informations Site web : Niveau de satisfaction : Commentaire [&hellip;]","og_url":"https:\/\/margill.com\/en\/formulaire\/","og_site_name":"Margill","article_modified_time":"2025-03-05T12:44:39+00:00","twitter_card":"summary_large_image","twitter_misc":{"Est. reading time":"1 minute"},"schema":{"@context":"https:\/\/schema.org","@graph":[{"@type":"WebPage","@id":"https:\/\/margill.com\/en\/formulaire\/","url":"https:\/\/margill.com\/en\/formulaire\/","name":"formulaire - Margill","isPartOf":{"@id":"https:\/\/margill.com\/en\/#website"},"datePublished":"2025-03-04T22:38:33+00:00","dateModified":"2025-03-05T12:44:39+00:00","breadcrumb":{"@id":"https:\/\/margill.com\/en\/formulaire\/#breadcrumb"},"inLanguage":"en-US","potentialAction":[{"@type":"ReadAction","target":["https:\/\/margill.com\/en\/formulaire\/"]}]},{"@type":"BreadcrumbList","@id":"https:\/\/margill.com\/en\/formulaire\/#breadcrumb","itemListElement":[{"@type":"ListItem","position":1,"name":"Home","item":"https:\/\/margill.com\/en\/"},{"@type":"ListItem","position":2,"name":"formulaire"}]},{"@type":"WebSite","@id":"https:\/\/margill.com\/en\/#website","url":"https:\/\/margill.com\/en\/","name":"Margill","description":"Loan Servicing Solutions \/ Interest Calculators","potentialAction":[{"@type":"SearchAction","target":{"@type":"EntryPoint","urlTemplate":"https:\/\/margill.com\/en\/?s={search_term_string}"},"query-input":{"@type":"PropertyValueSpecification","valueRequired":true,"valueName":"search_term_string"}}],"inLanguage":"en-US"}]}},"_links":{"self":[{"href":"https:\/\/margill.com\/en\/wp-json\/wp\/v2\/pages\/18108","targetHints":{"allow":["GET"]}}],"collection":[{"href":"https:\/\/margill.com\/en\/wp-json\/wp\/v2\/pages"}],"about":[{"href":"https:\/\/margill.com\/en\/wp-json\/wp\/v2\/types\/page"}],"author":[{"embeddable":true,"href":"https:\/\/margill.com\/en\/wp-json\/wp\/v2\/users\/17"}],"replies":[{"embeddable":true,"href":"https:\/\/margill.com\/en\/wp-json\/wp\/v2\/comments?post=18108"}],"version-history":[{"count":1,"href":"https:\/\/margill.com\/en\/wp-json\/wp\/v2\/pages\/18108\/revisions"}],"predecessor-version":[{"id":18109,"href":"https:\/\/margill.com\/en\/wp-json\/wp\/v2\/pages\/18108\/revisions\/18109"}],"wp:attachment":[{"href":"https:\/\/margill.com\/en\/wp-json\/wp\/v2\/media?parent=18108"}],"curies":[{"name":"wp","href":"https:\/\/api.w.org\/{rel}","templated":true}]}}